{"id":10957,"date":"2025-02-23T11:48:23","date_gmt":"2025-02-23T10:48:23","guid":{"rendered":"https:\/\/italianbracelet.nl\/?post_type=product&#038;p=10957"},"modified":"2025-02-23T11:50:56","modified_gmt":"2025-02-23T10:50:56","slug":"armband-gold-mit-silberherzen-kopie","status":"publish","type":"product","link":"https:\/\/italianbracelet.nl\/de\/produkt\/armband-gold-mit-silberherzen-kopie\/","title":{"rendered":"Armband Gold mit Love my Love Silber"},"content":{"rendered":"<p>Sie k\u00f6nnen das Armband Gold mit Love my Love Silber von Italian Bracelet so tragen oder mit diesem Basisarmband beginnen, das aus 17 Gliedern besteht, um schlie\u00dflich Ihr eigenes personalisiertes Italian Bracelet zu kreieren.<\/p>\n<p>Sie k\u00f6nnen die Links anklicken, um sie durch Charms Ihrer Wahl zu ersetzen. Also stellen Sie Ihr pers\u00f6nliches Armband zusammen, das Ihre Geschichte erz\u00e4hlt.<\/p>\n<p>Sie k\u00f6nnen die Anh\u00e4nger jederzeit wieder durch andere ersetzen oder sogar 2 oder 3 italienische Armb\u00e4nder herstellen. Eine f\u00fcr jedes Outfit oder warum nicht alle gleichzeitig an Ihrem Handgelenk tragen?<\/p>\n<p>Das Armband und die Charms sind aus hochwertigem Edelstahl (RVS) gefertigt.<\/p>\n","protected":false},"excerpt":{"rendered":"<p>Armband Gold mit Love my Love silber von Italian Bracelet ist aus Edelstahl gefertigt und besteht aus 18 Anh\u00e4ngern mit silbernen Herzen. Der Rand ist goldfarben. <\/p>\n","protected":false},"featured_media":10918,"template":"","meta":[],"product_brand":[355],"product_cat":[279],"product_tag":[351,307],"class_list":{"0":"post-10957","1":"product","2":"type-product","3":"status-publish","4":"has-post-thumbnail","6":"product_brand-jasmin-jewels","7":"product_cat-starter-sets-de","8":"product_tag-herz-de","9":"product_tag-starter-de","11":"first","12":"instock","13":"featured","14":"taxable","15":"shipping-taxable","16":"purchasable","17":"product-type-simple"},"yoast_head":"<!-- This site is optimized with the Yoast SEO plugin v27.4 - https:\/\/yoast.com\/product\/yoast-seo-wordpress\/ -->\n<title>Armband Gold mit Love my Love Silber - italianbracelet.nl<\/title>\n<meta name=\"description\" content=\"Armband Gold mit Love my Love Silber von Italian Bracelet. Ein ganzes Armband voller Herzen. Italian Bracelet; das gr\u00f6\u00dfte Sortiment an Anh\u00e4ngern und Armb\u00e4ndern.\" \/>\n<meta name=\"robots\" content=\"index, follow, max-snippet:-1, max-image-preview:large, max-video-preview:-1\" \/>\n<link rel=\"canonical\" href=\"https:\/\/italianbracelet.nl\/de\/produkt\/armband-gold-mit-silberherzen-kopie\/\" \/>\n<meta property=\"og:locale\" content=\"de_DE\" \/>\n<meta property=\"og:type\" content=\"article\" \/>\n<meta property=\"og:title\" content=\"Armband Gold mit Love my Love Silber - italianbracelet.nl\" \/>\n<meta property=\"og:description\" content=\"Armband Gold mit Love my Love Silber von Italian Bracelet. Ein ganzes Armband voller Herzen. Italian Bracelet; das gr\u00f6\u00dfte Sortiment an Anh\u00e4ngern und Armb\u00e4ndern.\" \/>\n<meta property=\"og:url\" content=\"https:\/\/italianbracelet.nl\/de\/produkt\/armband-gold-mit-silberherzen-kopie\/\" \/>\n<meta property=\"og:site_name\" content=\"italianbracelet.nl\" \/>\n<meta property=\"article:modified_time\" content=\"2025-02-23T10:50:56+00:00\" \/>\n<meta property=\"og:image\" content=\"https:\/\/italianbracelet.nl\/wp-content\/uploads\/2025\/02\/IBA26__Italian-Bracelet-Goud-met-Zilveren-Hartjes.webp\" \/>\n\t<meta property=\"og:image:width\" content=\"800\" \/>\n\t<meta property=\"og:image:height\" content=\"800\" \/>\n\t<meta property=\"og:image:type\" content=\"image\/webp\" \/>\n<meta name=\"twitter:card\" content=\"summary_large_image\" \/>\n<meta name=\"twitter:label1\" content=\"Gesch\u00e4tzte Lesezeit\" \/>\n\t<meta name=\"twitter:data1\" content=\"1\u00a0Minute\" \/>\n<script type=\"application\/ld+json\" class=\"yoast-schema-graph\">{\"@context\":\"https:\\\/\\\/schema.org\",\"@graph\":[{\"@type\":\"WebPage\",\"@id\":\"https:\\\/\\\/italianbracelet.nl\\\/de\\\/produkt\\\/armband-gold-mit-silberherzen-kopie\\\/\",\"url\":\"https:\\\/\\\/italianbracelet.nl\\\/de\\\/produkt\\\/armband-gold-mit-silberherzen-kopie\\\/\",\"name\":\"Armband Gold mit Love my Love Silber - italianbracelet.nl\",\"isPartOf\":{\"@id\":\"https:\\\/\\\/italianbracelet.nl\\\/de\\\/#website\"},\"primaryImageOfPage\":{\"@id\":\"https:\\\/\\\/italianbracelet.nl\\\/de\\\/produkt\\\/armband-gold-mit-silberherzen-kopie\\\/#primaryimage\"},\"image\":{\"@id\":\"https:\\\/\\\/italianbracelet.nl\\\/de\\\/produkt\\\/armband-gold-mit-silberherzen-kopie\\\/#primaryimage\"},\"thumbnailUrl\":\"https:\\\/\\\/italianbracelet.nl\\\/wp-content\\\/uploads\\\/2025\\\/02\\\/IBA26__Italian-Bracelet-Goud-met-Zilveren-Hartjes.webp\",\"datePublished\":\"2025-02-23T10:48:23+00:00\",\"dateModified\":\"2025-02-23T10:50:56+00:00\",\"description\":\"Armband Gold mit Love my Love Silber von Italian Bracelet. Ein ganzes Armband voller Herzen. Italian Bracelet; das gr\u00f6\u00dfte Sortiment an Anh\u00e4ngern und Armb\u00e4ndern.\",\"breadcrumb\":{\"@id\":\"https:\\\/\\\/italianbracelet.nl\\\/de\\\/produkt\\\/armband-gold-mit-silberherzen-kopie\\\/#breadcrumb\"},\"inLanguage\":\"de\",\"potentialAction\":[{\"@type\":\"ReadAction\",\"target\":[\"https:\\\/\\\/italianbracelet.nl\\\/de\\\/produkt\\\/armband-gold-mit-silberherzen-kopie\\\/\"]}]},{\"@type\":\"ImageObject\",\"inLanguage\":\"de\",\"@id\":\"https:\\\/\\\/italianbracelet.nl\\\/de\\\/produkt\\\/armband-gold-mit-silberherzen-kopie\\\/#primaryimage\",\"url\":\"https:\\\/\\\/italianbracelet.nl\\\/wp-content\\\/uploads\\\/2025\\\/02\\\/IBA26__Italian-Bracelet-Goud-met-Zilveren-Hartjes.webp\",\"contentUrl\":\"https:\\\/\\\/italianbracelet.nl\\\/wp-content\\\/uploads\\\/2025\\\/02\\\/IBA26__Italian-Bracelet-Goud-met-Zilveren-Hartjes.webp\",\"width\":800,\"height\":800,\"caption\":\"Armband Gold mit Love my Love Silber von Italian Bracelet\"},{\"@type\":\"BreadcrumbList\",\"@id\":\"https:\\\/\\\/italianbracelet.nl\\\/de\\\/produkt\\\/armband-gold-mit-silberherzen-kopie\\\/#breadcrumb\",\"itemListElement\":[{\"@type\":\"ListItem\",\"position\":1,\"name\":\"Home\",\"item\":\"https:\\\/\\\/italianbracelet.nl\\\/de\\\/\"},{\"@type\":\"ListItem\",\"position\":2,\"name\":\"Shop\",\"item\":\"https:\\\/\\\/italianbracelet.nl\\\/shop\\\/\"},{\"@type\":\"ListItem\",\"position\":3,\"name\":\"Armband Gold mit Love my Love Silber\"}]},{\"@type\":\"WebSite\",\"@id\":\"https:\\\/\\\/italianbracelet.nl\\\/de\\\/#website\",\"url\":\"https:\\\/\\\/italianbracelet.nl\\\/de\\\/\",\"name\":\"Italian Bracelet\",\"description\":\"Maak je eigen Italian Bracelet met charms naar keuze\",\"publisher\":{\"@id\":\"https:\\\/\\\/italianbracelet.nl\\\/de\\\/#organization\"},\"alternateName\":\"Italian Charm Bracelet\",\"potentialAction\":[{\"@type\":\"SearchAction\",\"target\":{\"@type\":\"EntryPoint\",\"urlTemplate\":\"https:\\\/\\\/italianbracelet.nl\\\/de\\\/?s={search_term_string}\"},\"query-input\":{\"@type\":\"PropertyValueSpecification\",\"valueRequired\":true,\"valueName\":\"search_term_string\"}}],\"inLanguage\":\"de\"},{\"@type\":\"Organization\",\"@id\":\"https:\\\/\\\/italianbracelet.nl\\\/de\\\/#organization\",\"name\":\"Italian Bracelet\",\"alternateName\":\"Italian Charm Bracelet\",\"url\":\"https:\\\/\\\/italianbracelet.nl\\\/de\\\/\",\"logo\":{\"@type\":\"ImageObject\",\"inLanguage\":\"de\",\"@id\":\"https:\\\/\\\/italianbracelet.nl\\\/de\\\/#\\\/schema\\\/logo\\\/image\\\/\",\"url\":\"https:\\\/\\\/italianbracelet.nl\\\/wp-content\\\/uploads\\\/2023\\\/06\\\/Italian-Bracelet-LOGO-new.png\",\"contentUrl\":\"https:\\\/\\\/italianbracelet.nl\\\/wp-content\\\/uploads\\\/2023\\\/06\\\/Italian-Bracelet-LOGO-new.png\",\"width\":500,\"height\":500,\"caption\":\"Italian Bracelet\"},\"image\":{\"@id\":\"https:\\\/\\\/italianbracelet.nl\\\/de\\\/#\\\/schema\\\/logo\\\/image\\\/\"},\"sameAs\":[\"https:\\\/\\\/www.tiktok.com\\\/@italianbracelet\"]}]}<\/script>\n<!-- \/ Yoast SEO plugin. -->","yoast_head_json":{"title":"Armband Gold mit Love my Love Silber - italianbracelet.nl","description":"Armband Gold mit Love my Love Silber von Italian Bracelet. Ein ganzes Armband voller Herzen. Italian Bracelet; das gr\u00f6\u00dfte Sortiment an Anh\u00e4ngern und Armb\u00e4ndern.","robots":{"index":"index","follow":"follow","max-snippet":"max-snippet:-1","max-image-preview":"max-image-preview:large","max-video-preview":"max-video-preview:-1"},"canonical":"https:\/\/italianbracelet.nl\/de\/produkt\/armband-gold-mit-silberherzen-kopie\/","og_locale":"de_DE","og_type":"article","og_title":"Armband Gold mit Love my Love Silber - italianbracelet.nl","og_description":"Armband Gold mit Love my Love Silber von Italian Bracelet. Ein ganzes Armband voller Herzen. Italian Bracelet; das gr\u00f6\u00dfte Sortiment an Anh\u00e4ngern und Armb\u00e4ndern.","og_url":"https:\/\/italianbracelet.nl\/de\/produkt\/armband-gold-mit-silberherzen-kopie\/","og_site_name":"italianbracelet.nl","article_modified_time":"2025-02-23T10:50:56+00:00","og_image":[{"width":800,"height":800,"url":"https:\/\/italianbracelet.nl\/wp-content\/uploads\/2025\/02\/IBA26__Italian-Bracelet-Goud-met-Zilveren-Hartjes.webp","type":"image\/webp"}],"twitter_card":"summary_large_image","twitter_misc":{"Gesch\u00e4tzte Lesezeit":"1\u00a0Minute"},"schema":{"@context":"https:\/\/schema.org","@graph":[{"@type":"WebPage","@id":"https:\/\/italianbracelet.nl\/de\/produkt\/armband-gold-mit-silberherzen-kopie\/","url":"https:\/\/italianbracelet.nl\/de\/produkt\/armband-gold-mit-silberherzen-kopie\/","name":"Armband Gold mit Love my Love Silber - italianbracelet.nl","isPartOf":{"@id":"https:\/\/italianbracelet.nl\/de\/#website"},"primaryImageOfPage":{"@id":"https:\/\/italianbracelet.nl\/de\/produkt\/armband-gold-mit-silberherzen-kopie\/#primaryimage"},"image":{"@id":"https:\/\/italianbracelet.nl\/de\/produkt\/armband-gold-mit-silberherzen-kopie\/#primaryimage"},"thumbnailUrl":"https:\/\/italianbracelet.nl\/wp-content\/uploads\/2025\/02\/IBA26__Italian-Bracelet-Goud-met-Zilveren-Hartjes.webp","datePublished":"2025-02-23T10:48:23+00:00","dateModified":"2025-02-23T10:50:56+00:00","description":"Armband Gold mit Love my Love Silber von Italian Bracelet. Ein ganzes Armband voller Herzen. Italian Bracelet; das gr\u00f6\u00dfte Sortiment an Anh\u00e4ngern und Armb\u00e4ndern.","breadcrumb":{"@id":"https:\/\/italianbracelet.nl\/de\/produkt\/armband-gold-mit-silberherzen-kopie\/#breadcrumb"},"inLanguage":"de","potentialAction":[{"@type":"ReadAction","target":["https:\/\/italianbracelet.nl\/de\/produkt\/armband-gold-mit-silberherzen-kopie\/"]}]},{"@type":"ImageObject","inLanguage":"de","@id":"https:\/\/italianbracelet.nl\/de\/produkt\/armband-gold-mit-silberherzen-kopie\/#primaryimage","url":"https:\/\/italianbracelet.nl\/wp-content\/uploads\/2025\/02\/IBA26__Italian-Bracelet-Goud-met-Zilveren-Hartjes.webp","contentUrl":"https:\/\/italianbracelet.nl\/wp-content\/uploads\/2025\/02\/IBA26__Italian-Bracelet-Goud-met-Zilveren-Hartjes.webp","width":800,"height":800,"caption":"Armband Gold mit Love my Love Silber von Italian Bracelet"},{"@type":"BreadcrumbList","@id":"https:\/\/italianbracelet.nl\/de\/produkt\/armband-gold-mit-silberherzen-kopie\/#breadcrumb","itemListElement":[{"@type":"ListItem","position":1,"name":"Home","item":"https:\/\/italianbracelet.nl\/de\/"},{"@type":"ListItem","position":2,"name":"Shop","item":"https:\/\/italianbracelet.nl\/shop\/"},{"@type":"ListItem","position":3,"name":"Armband Gold mit Love my Love Silber"}]},{"@type":"WebSite","@id":"https:\/\/italianbracelet.nl\/de\/#website","url":"https:\/\/italianbracelet.nl\/de\/","name":"Italian Bracelet","description":"Maak je eigen Italian Bracelet met charms naar keuze","publisher":{"@id":"https:\/\/italianbracelet.nl\/de\/#organization"},"alternateName":"Italian Charm Bracelet","potentialAction":[{"@type":"SearchAction","target":{"@type":"EntryPoint","urlTemplate":"https:\/\/italianbracelet.nl\/de\/?s={search_term_string}"},"query-input":{"@type":"PropertyValueSpecification","valueRequired":true,"valueName":"search_term_string"}}],"inLanguage":"de"},{"@type":"Organization","@id":"https:\/\/italianbracelet.nl\/de\/#organization","name":"Italian Bracelet","alternateName":"Italian Charm Bracelet","url":"https:\/\/italianbracelet.nl\/de\/","logo":{"@type":"ImageObject","inLanguage":"de","@id":"https:\/\/italianbracelet.nl\/de\/#\/schema\/logo\/image\/","url":"https:\/\/italianbracelet.nl\/wp-content\/uploads\/2023\/06\/Italian-Bracelet-LOGO-new.png","contentUrl":"https:\/\/italianbracelet.nl\/wp-content\/uploads\/2023\/06\/Italian-Bracelet-LOGO-new.png","width":500,"height":500,"caption":"Italian Bracelet"},"image":{"@id":"https:\/\/italianbracelet.nl\/de\/#\/schema\/logo\/image\/"},"sameAs":["https:\/\/www.tiktok.com\/@italianbracelet"]}]}},"_links":{"self":[{"href":"https:\/\/italianbracelet.nl\/de\/wp-json\/wp\/v2\/product\/10957","targetHints":{"allow":["GET"]}}],"collection":[{"href":"https:\/\/italianbracelet.nl\/de\/wp-json\/wp\/v2\/product"}],"about":[{"href":"https:\/\/italianbracelet.nl\/de\/wp-json\/wp\/v2\/types\/product"}],"wp:featuredmedia":[{"embeddable":true,"href":"https:\/\/italianbracelet.nl\/de\/wp-json\/wp\/v2\/media\/10918"}],"wp:attachment":[{"href":"https:\/\/italianbracelet.nl\/de\/wp-json\/wp\/v2\/media?parent=10957"}],"wp:term":[{"taxonomy":"product_brand","embeddable":true,"href":"https:\/\/italianbracelet.nl\/de\/wp-json\/wp\/v2\/product_brand?post=10957"},{"taxonomy":"product_cat","embeddable":true,"href":"https:\/\/italianbracelet.nl\/de\/wp-json\/wp\/v2\/product_cat?post=10957"},{"taxonomy":"product_tag","embeddable":true,"href":"https:\/\/italianbracelet.nl\/de\/wp-json\/wp\/v2\/product_tag?post=10957"}],"curies":[{"name":"wp","href":"https:\/\/api.w.org\/{rel}","templated":true}]}}