{"id":12808,"date":"2025-06-23T17:34:17","date_gmt":"2025-06-23T15:34:17","guid":{"rendered":"https:\/\/italianbracelet.nl\/?post_type=product&#038;p=12808"},"modified":"2025-06-23T17:36:50","modified_gmt":"2025-06-23T15:36:50","slug":"duck-duck-duck-go-kopie","status":"publish","type":"product","link":"https:\/\/italianbracelet.nl\/de\/produkt\/duck-duck-duck-go-kopie\/","title":{"rendered":"Bein blau"},"content":{"rendered":"<p>Charm Poot blau f\u00fcr Ihr italienisches Armband.<\/p>\n<p>M\u00f6chten Sie wissen, wie Sie den blauen Poot Charm in Ihr italienisches Charm-Armband einf\u00fcgen k\u00f6nnen? Dann klicken Sie hier: <a href=\"https:\/\/italianbracelet.nl\/de\/wie-funktioniert-das\/\">Wie man ein italienisches Charm-Armband macht.<\/a><\/p>\n<p>Haben Sie Fragen zur Lieferzeit Ihrer bestellten Anh\u00e4nger, oder zum Lagerbestand von Poot blue Charms<span style=\"font-size: 14.4px;\">oder wie Sie vorgehen, wenn der blaue Poot-Charme Ihr Favorit ist, aber gerade nicht vorr\u00e4tig ist? Dann klicken Sie hier:  <\/span><a style=\"font-size: 14.4px;\" href=\"https:\/\/italianbracelet.nl\/de\/faq\/\">bringt mich sofort zu den FAQ (h\u00e4ufig gestellte Fragen)<\/a><span style=\"font-size: 14.4px;\">.<\/span><\/p>\n","protected":false},"excerpt":{"rendered":"<p>Charm Pfote blau f\u00fcr Ihr italienisches Armband mit einem blauen Pfotenabdruck.<\/p>\n","protected":false},"featured_media":12755,"template":"","meta":[],"product_brand":[],"product_cat":[252,251],"product_tag":[254,263],"class_list":{"0":"post-12808","1":"product","2":"type-product","3":"status-publish","4":"has-post-thumbnail","6":"product_cat-charme-kinder","7":"product_cat-reize","8":"product_tag-bild","9":"product_tag-tier","11":"first","12":"instock","13":"taxable","14":"shipping-taxable","15":"purchasable","16":"product-type-simple"},"yoast_head":"<!-- This site is optimized with the Yoast SEO plugin v27.4 - https:\/\/yoast.com\/product\/yoast-seo-wordpress\/ -->\n<title>Bein blau - italianbracelet.nl<\/title>\n<meta name=\"description\" content=\"Charm Pfote blau f\u00fcr Ihr Italienisches Armband mit einem Bild eines Pfotenabdrucks Italienisches Armband; das gr\u00f6\u00dfte Sortiment an Charms.\" \/>\n<meta name=\"robots\" content=\"index, follow, max-snippet:-1, max-image-preview:large, max-video-preview:-1\" \/>\n<link rel=\"canonical\" href=\"https:\/\/italianbracelet.nl\/de\/produkt\/duck-duck-duck-go-kopie\/\" \/>\n<meta property=\"og:locale\" content=\"de_DE\" \/>\n<meta property=\"og:type\" content=\"article\" \/>\n<meta property=\"og:title\" content=\"Bein blau - italianbracelet.nl\" \/>\n<meta property=\"og:description\" content=\"Charm Pfote blau f\u00fcr Ihr Italienisches Armband mit einem Bild eines Pfotenabdrucks Italienisches Armband; das gr\u00f6\u00dfte Sortiment an Charms.\" \/>\n<meta property=\"og:url\" content=\"https:\/\/italianbracelet.nl\/de\/produkt\/duck-duck-duck-go-kopie\/\" \/>\n<meta property=\"og:site_name\" content=\"italianbracelet.nl\" \/>\n<meta property=\"article:modified_time\" content=\"2025-06-23T15:36:50+00:00\" \/>\n<meta property=\"og:image\" content=\"https:\/\/italianbracelet.nl\/wp-content\/uploads\/2025\/06\/IB635_Blue-Paw.jpg\" \/>\n\t<meta property=\"og:image:width\" content=\"127\" \/>\n\t<meta property=\"og:image:height\" content=\"141\" \/>\n\t<meta property=\"og:image:type\" content=\"image\/jpeg\" \/>\n<meta name=\"twitter:card\" content=\"summary_large_image\" \/>\n<script type=\"application\/ld+json\" class=\"yoast-schema-graph\">{\"@context\":\"https:\\\/\\\/schema.org\",\"@graph\":[{\"@type\":\"WebPage\",\"@id\":\"https:\\\/\\\/italianbracelet.nl\\\/de\\\/produkt\\\/duck-duck-duck-go-kopie\\\/\",\"url\":\"https:\\\/\\\/italianbracelet.nl\\\/de\\\/produkt\\\/duck-duck-duck-go-kopie\\\/\",\"name\":\"Bein blau - italianbracelet.nl\",\"isPartOf\":{\"@id\":\"https:\\\/\\\/italianbracelet.nl\\\/de\\\/#website\"},\"primaryImageOfPage\":{\"@id\":\"https:\\\/\\\/italianbracelet.nl\\\/de\\\/produkt\\\/duck-duck-duck-go-kopie\\\/#primaryimage\"},\"image\":{\"@id\":\"https:\\\/\\\/italianbracelet.nl\\\/de\\\/produkt\\\/duck-duck-duck-go-kopie\\\/#primaryimage\"},\"thumbnailUrl\":\"https:\\\/\\\/italianbracelet.nl\\\/wp-content\\\/uploads\\\/2025\\\/06\\\/IB635_Blue-Paw.jpg\",\"datePublished\":\"2025-06-23T15:34:17+00:00\",\"dateModified\":\"2025-06-23T15:36:50+00:00\",\"description\":\"Charm Pfote blau f\u00fcr Ihr Italienisches Armband mit einem Bild eines Pfotenabdrucks Italienisches Armband; das gr\u00f6\u00dfte Sortiment an Charms.\",\"breadcrumb\":{\"@id\":\"https:\\\/\\\/italianbracelet.nl\\\/de\\\/produkt\\\/duck-duck-duck-go-kopie\\\/#breadcrumb\"},\"inLanguage\":\"de\",\"potentialAction\":[{\"@type\":\"ReadAction\",\"target\":[\"https:\\\/\\\/italianbracelet.nl\\\/de\\\/produkt\\\/duck-duck-duck-go-kopie\\\/\"]}]},{\"@type\":\"ImageObject\",\"inLanguage\":\"de\",\"@id\":\"https:\\\/\\\/italianbracelet.nl\\\/de\\\/produkt\\\/duck-duck-duck-go-kopie\\\/#primaryimage\",\"url\":\"https:\\\/\\\/italianbracelet.nl\\\/wp-content\\\/uploads\\\/2025\\\/06\\\/IB635_Blue-Paw.jpg\",\"contentUrl\":\"https:\\\/\\\/italianbracelet.nl\\\/wp-content\\\/uploads\\\/2025\\\/06\\\/IB635_Blue-Paw.jpg\",\"width\":127,\"height\":141,\"caption\":\"Charm Poot blau von Italian Bracelet\"},{\"@type\":\"BreadcrumbList\",\"@id\":\"https:\\\/\\\/italianbracelet.nl\\\/de\\\/produkt\\\/duck-duck-duck-go-kopie\\\/#breadcrumb\",\"itemListElement\":[{\"@type\":\"ListItem\",\"position\":1,\"name\":\"Home\",\"item\":\"https:\\\/\\\/italianbracelet.nl\\\/de\\\/\"},{\"@type\":\"ListItem\",\"position\":2,\"name\":\"Shop\",\"item\":\"https:\\\/\\\/italianbracelet.nl\\\/shop\\\/\"},{\"@type\":\"ListItem\",\"position\":3,\"name\":\"Bein blau\"}]},{\"@type\":\"WebSite\",\"@id\":\"https:\\\/\\\/italianbracelet.nl\\\/de\\\/#website\",\"url\":\"https:\\\/\\\/italianbracelet.nl\\\/de\\\/\",\"name\":\"Italian Bracelet\",\"description\":\"Maak je eigen Italian Bracelet met charms naar keuze\",\"publisher\":{\"@id\":\"https:\\\/\\\/italianbracelet.nl\\\/de\\\/#organization\"},\"alternateName\":\"Italian Charm Bracelet\",\"potentialAction\":[{\"@type\":\"SearchAction\",\"target\":{\"@type\":\"EntryPoint\",\"urlTemplate\":\"https:\\\/\\\/italianbracelet.nl\\\/de\\\/?s={search_term_string}\"},\"query-input\":{\"@type\":\"PropertyValueSpecification\",\"valueRequired\":true,\"valueName\":\"search_term_string\"}}],\"inLanguage\":\"de\"},{\"@type\":\"Organization\",\"@id\":\"https:\\\/\\\/italianbracelet.nl\\\/de\\\/#organization\",\"name\":\"Italian Bracelet\",\"alternateName\":\"Italian Charm Bracelet\",\"url\":\"https:\\\/\\\/italianbracelet.nl\\\/de\\\/\",\"logo\":{\"@type\":\"ImageObject\",\"inLanguage\":\"de\",\"@id\":\"https:\\\/\\\/italianbracelet.nl\\\/de\\\/#\\\/schema\\\/logo\\\/image\\\/\",\"url\":\"https:\\\/\\\/italianbracelet.nl\\\/wp-content\\\/uploads\\\/2023\\\/06\\\/Italian-Bracelet-LOGO-new.png\",\"contentUrl\":\"https:\\\/\\\/italianbracelet.nl\\\/wp-content\\\/uploads\\\/2023\\\/06\\\/Italian-Bracelet-LOGO-new.png\",\"width\":500,\"height\":500,\"caption\":\"Italian Bracelet\"},\"image\":{\"@id\":\"https:\\\/\\\/italianbracelet.nl\\\/de\\\/#\\\/schema\\\/logo\\\/image\\\/\"},\"sameAs\":[\"https:\\\/\\\/www.tiktok.com\\\/@italianbracelet\"]}]}<\/script>\n<!-- \/ Yoast SEO plugin. -->","yoast_head_json":{"title":"Bein blau - italianbracelet.nl","description":"Charm Pfote blau f\u00fcr Ihr Italienisches Armband mit einem Bild eines Pfotenabdrucks Italienisches Armband; das gr\u00f6\u00dfte Sortiment an Charms.","robots":{"index":"index","follow":"follow","max-snippet":"max-snippet:-1","max-image-preview":"max-image-preview:large","max-video-preview":"max-video-preview:-1"},"canonical":"https:\/\/italianbracelet.nl\/de\/produkt\/duck-duck-duck-go-kopie\/","og_locale":"de_DE","og_type":"article","og_title":"Bein blau - italianbracelet.nl","og_description":"Charm Pfote blau f\u00fcr Ihr Italienisches Armband mit einem Bild eines Pfotenabdrucks Italienisches Armband; das gr\u00f6\u00dfte Sortiment an Charms.","og_url":"https:\/\/italianbracelet.nl\/de\/produkt\/duck-duck-duck-go-kopie\/","og_site_name":"italianbracelet.nl","article_modified_time":"2025-06-23T15:36:50+00:00","og_image":[{"width":127,"height":141,"url":"https:\/\/italianbracelet.nl\/wp-content\/uploads\/2025\/06\/IB635_Blue-Paw.jpg","type":"image\/jpeg"}],"twitter_card":"summary_large_image","schema":{"@context":"https:\/\/schema.org","@graph":[{"@type":"WebPage","@id":"https:\/\/italianbracelet.nl\/de\/produkt\/duck-duck-duck-go-kopie\/","url":"https:\/\/italianbracelet.nl\/de\/produkt\/duck-duck-duck-go-kopie\/","name":"Bein blau - italianbracelet.nl","isPartOf":{"@id":"https:\/\/italianbracelet.nl\/de\/#website"},"primaryImageOfPage":{"@id":"https:\/\/italianbracelet.nl\/de\/produkt\/duck-duck-duck-go-kopie\/#primaryimage"},"image":{"@id":"https:\/\/italianbracelet.nl\/de\/produkt\/duck-duck-duck-go-kopie\/#primaryimage"},"thumbnailUrl":"https:\/\/italianbracelet.nl\/wp-content\/uploads\/2025\/06\/IB635_Blue-Paw.jpg","datePublished":"2025-06-23T15:34:17+00:00","dateModified":"2025-06-23T15:36:50+00:00","description":"Charm Pfote blau f\u00fcr Ihr Italienisches Armband mit einem Bild eines Pfotenabdrucks Italienisches Armband; das gr\u00f6\u00dfte Sortiment an Charms.","breadcrumb":{"@id":"https:\/\/italianbracelet.nl\/de\/produkt\/duck-duck-duck-go-kopie\/#breadcrumb"},"inLanguage":"de","potentialAction":[{"@type":"ReadAction","target":["https:\/\/italianbracelet.nl\/de\/produkt\/duck-duck-duck-go-kopie\/"]}]},{"@type":"ImageObject","inLanguage":"de","@id":"https:\/\/italianbracelet.nl\/de\/produkt\/duck-duck-duck-go-kopie\/#primaryimage","url":"https:\/\/italianbracelet.nl\/wp-content\/uploads\/2025\/06\/IB635_Blue-Paw.jpg","contentUrl":"https:\/\/italianbracelet.nl\/wp-content\/uploads\/2025\/06\/IB635_Blue-Paw.jpg","width":127,"height":141,"caption":"Charm Poot blau von Italian Bracelet"},{"@type":"BreadcrumbList","@id":"https:\/\/italianbracelet.nl\/de\/produkt\/duck-duck-duck-go-kopie\/#breadcrumb","itemListElement":[{"@type":"ListItem","position":1,"name":"Home","item":"https:\/\/italianbracelet.nl\/de\/"},{"@type":"ListItem","position":2,"name":"Shop","item":"https:\/\/italianbracelet.nl\/shop\/"},{"@type":"ListItem","position":3,"name":"Bein blau"}]},{"@type":"WebSite","@id":"https:\/\/italianbracelet.nl\/de\/#website","url":"https:\/\/italianbracelet.nl\/de\/","name":"Italian Bracelet","description":"Maak je eigen Italian Bracelet met charms naar keuze","publisher":{"@id":"https:\/\/italianbracelet.nl\/de\/#organization"},"alternateName":"Italian Charm Bracelet","potentialAction":[{"@type":"SearchAction","target":{"@type":"EntryPoint","urlTemplate":"https:\/\/italianbracelet.nl\/de\/?s={search_term_string}"},"query-input":{"@type":"PropertyValueSpecification","valueRequired":true,"valueName":"search_term_string"}}],"inLanguage":"de"},{"@type":"Organization","@id":"https:\/\/italianbracelet.nl\/de\/#organization","name":"Italian Bracelet","alternateName":"Italian Charm Bracelet","url":"https:\/\/italianbracelet.nl\/de\/","logo":{"@type":"ImageObject","inLanguage":"de","@id":"https:\/\/italianbracelet.nl\/de\/#\/schema\/logo\/image\/","url":"https:\/\/italianbracelet.nl\/wp-content\/uploads\/2023\/06\/Italian-Bracelet-LOGO-new.png","contentUrl":"https:\/\/italianbracelet.nl\/wp-content\/uploads\/2023\/06\/Italian-Bracelet-LOGO-new.png","width":500,"height":500,"caption":"Italian Bracelet"},"image":{"@id":"https:\/\/italianbracelet.nl\/de\/#\/schema\/logo\/image\/"},"sameAs":["https:\/\/www.tiktok.com\/@italianbracelet"]}]}},"_links":{"self":[{"href":"https:\/\/italianbracelet.nl\/de\/wp-json\/wp\/v2\/product\/12808","targetHints":{"allow":["GET"]}}],"collection":[{"href":"https:\/\/italianbracelet.nl\/de\/wp-json\/wp\/v2\/product"}],"about":[{"href":"https:\/\/italianbracelet.nl\/de\/wp-json\/wp\/v2\/types\/product"}],"wp:featuredmedia":[{"embeddable":true,"href":"https:\/\/italianbracelet.nl\/de\/wp-json\/wp\/v2\/media\/12755"}],"wp:attachment":[{"href":"https:\/\/italianbracelet.nl\/de\/wp-json\/wp\/v2\/media?parent=12808"}],"wp:term":[{"taxonomy":"product_brand","embeddable":true,"href":"https:\/\/italianbracelet.nl\/de\/wp-json\/wp\/v2\/product_brand?post=12808"},{"taxonomy":"product_cat","embeddable":true,"href":"https:\/\/italianbracelet.nl\/de\/wp-json\/wp\/v2\/product_cat?post=12808"},{"taxonomy":"product_tag","embeddable":true,"href":"https:\/\/italianbracelet.nl\/de\/wp-json\/wp\/v2\/product_tag?post=12808"}],"curies":[{"name":"wp","href":"https:\/\/api.w.org\/{rel}","templated":true}]}}