{"id":13999,"date":"2025-11-20T16:39:07","date_gmt":"2025-11-20T15:39:07","guid":{"rendered":"https:\/\/italianbracelet.nl\/?post_type=product&#038;p=13999"},"modified":"2025-11-20T16:42:52","modified_gmt":"2025-11-20T15:42:52","slug":"kostenlos-kopie-2","status":"publish","type":"product","link":"https:\/\/italianbracelet.nl\/de\/produkt\/kostenlos-kopie-2\/","title":{"rendered":"Blume Gold"},"content":{"rendered":"<p>Charm Flower Gold f\u00fcr Ihr italienisches Armband.<\/p>\n<p>M\u00f6chten Sie wissen, wie Sie den Flower Gold Charm in Ihr italienisches Bettelarmband einf\u00fcgen? Dann klicken Sie hier: <a href=\"https:\/\/italianbracelet.nl\/de\/wie-funktioniert-das\/\">Wie man ein italienisches Charm-Armband macht.<\/a><\/p>\n<p>Haben Sie Fragen zur Lieferzeit Ihrer bestellten Charms, zum Lagerbestand des Charms Flower Gold oder zum weiteren Vorgehen, wenn der Charme Flower Gold Ihr Favorit ist, aber gerade nicht auf Lager ist? Dann klicken Sie hier: <a href=\"https:\/\/italianbracelet.nl\/de\/faq\/\">Das bringt mich sofort zu den FAQ (h\u00e4ufig gestellte Fragen)<\/a>.<\/p>\n","protected":false},"excerpt":{"rendered":"<p>Charm Flower Gold f\u00fcr Ihr italienisches Armband mit dem Bild einer goldenen Blume.<\/p>\n","protected":false},"featured_media":14002,"template":"","meta":[],"product_brand":[355],"product_cat":[252,251],"product_tag":[283],"class_list":{"0":"post-13999","1":"product","2":"type-product","3":"status-publish","4":"has-post-thumbnail","6":"product_brand-jasmin-jewels","7":"product_cat-charme-kinder","8":"product_cat-reize","9":"product_tag-blume","11":"first","12":"instock","13":"taxable","14":"shipping-taxable","15":"purchasable","16":"product-type-simple"},"yoast_head":"<!-- This site is optimized with the Yoast SEO plugin v27.4 - https:\/\/yoast.com\/product\/yoast-seo-wordpress\/ -->\n<title>Blume Gold - italianbracelet.nl<\/title>\n<meta name=\"description\" content=\"Charm Flower Gold f\u00fcr Ihr italienisches Armband mit dem Bild einer Blume. Italienisches Armband; die gr\u00f6\u00dfte Auswahl an Anh\u00e4ngern.\" \/>\n<meta name=\"robots\" content=\"index, follow, max-snippet:-1, max-image-preview:large, max-video-preview:-1\" \/>\n<link rel=\"canonical\" href=\"https:\/\/italianbracelet.nl\/de\/produkt\/kostenlos-kopie-2\/\" \/>\n<meta property=\"og:locale\" content=\"de_DE\" \/>\n<meta property=\"og:type\" content=\"article\" \/>\n<meta property=\"og:title\" content=\"Blume Gold - italianbracelet.nl\" \/>\n<meta property=\"og:description\" content=\"Charm Flower Gold f\u00fcr Ihr italienisches Armband mit dem Bild einer Blume. Italienisches Armband; die gr\u00f6\u00dfte Auswahl an Anh\u00e4ngern.\" \/>\n<meta property=\"og:url\" content=\"https:\/\/italianbracelet.nl\/de\/produkt\/kostenlos-kopie-2\/\" \/>\n<meta property=\"og:site_name\" content=\"italianbracelet.nl\" \/>\n<meta property=\"article:modified_time\" content=\"2025-11-20T15:42:52+00:00\" \/>\n<meta property=\"og:image\" content=\"https:\/\/italianbracelet.nl\/wp-content\/uploads\/2025\/11\/IB666_Bloemetje-goud.webp\" \/>\n\t<meta property=\"og:image:width\" content=\"800\" \/>\n\t<meta property=\"og:image:height\" content=\"800\" \/>\n\t<meta property=\"og:image:type\" content=\"image\/webp\" \/>\n<meta name=\"twitter:card\" content=\"summary_large_image\" \/>\n<script type=\"application\/ld+json\" class=\"yoast-schema-graph\">{\"@context\":\"https:\\\/\\\/schema.org\",\"@graph\":[{\"@type\":\"WebPage\",\"@id\":\"https:\\\/\\\/italianbracelet.nl\\\/de\\\/produkt\\\/kostenlos-kopie-2\\\/\",\"url\":\"https:\\\/\\\/italianbracelet.nl\\\/de\\\/produkt\\\/kostenlos-kopie-2\\\/\",\"name\":\"Blume Gold - italianbracelet.nl\",\"isPartOf\":{\"@id\":\"https:\\\/\\\/italianbracelet.nl\\\/de\\\/#website\"},\"primaryImageOfPage\":{\"@id\":\"https:\\\/\\\/italianbracelet.nl\\\/de\\\/produkt\\\/kostenlos-kopie-2\\\/#primaryimage\"},\"image\":{\"@id\":\"https:\\\/\\\/italianbracelet.nl\\\/de\\\/produkt\\\/kostenlos-kopie-2\\\/#primaryimage\"},\"thumbnailUrl\":\"https:\\\/\\\/italianbracelet.nl\\\/wp-content\\\/uploads\\\/2025\\\/11\\\/IB666_Bloemetje-goud.webp\",\"datePublished\":\"2025-11-20T15:39:07+00:00\",\"dateModified\":\"2025-11-20T15:42:52+00:00\",\"description\":\"Charm Flower Gold f\u00fcr Ihr italienisches Armband mit dem Bild einer Blume. Italienisches Armband; die gr\u00f6\u00dfte Auswahl an Anh\u00e4ngern.\",\"breadcrumb\":{\"@id\":\"https:\\\/\\\/italianbracelet.nl\\\/de\\\/produkt\\\/kostenlos-kopie-2\\\/#breadcrumb\"},\"inLanguage\":\"de\",\"potentialAction\":[{\"@type\":\"ReadAction\",\"target\":[\"https:\\\/\\\/italianbracelet.nl\\\/de\\\/produkt\\\/kostenlos-kopie-2\\\/\"]}]},{\"@type\":\"ImageObject\",\"inLanguage\":\"de\",\"@id\":\"https:\\\/\\\/italianbracelet.nl\\\/de\\\/produkt\\\/kostenlos-kopie-2\\\/#primaryimage\",\"url\":\"https:\\\/\\\/italianbracelet.nl\\\/wp-content\\\/uploads\\\/2025\\\/11\\\/IB666_Bloemetje-goud.webp\",\"contentUrl\":\"https:\\\/\\\/italianbracelet.nl\\\/wp-content\\\/uploads\\\/2025\\\/11\\\/IB666_Bloemetje-goud.webp\",\"width\":800,\"height\":800,\"caption\":\"Charme Blume Gold von Italian Bracelet\"},{\"@type\":\"BreadcrumbList\",\"@id\":\"https:\\\/\\\/italianbracelet.nl\\\/de\\\/produkt\\\/kostenlos-kopie-2\\\/#breadcrumb\",\"itemListElement\":[{\"@type\":\"ListItem\",\"position\":1,\"name\":\"Home\",\"item\":\"https:\\\/\\\/italianbracelet.nl\\\/de\\\/\"},{\"@type\":\"ListItem\",\"position\":2,\"name\":\"Shop\",\"item\":\"https:\\\/\\\/italianbracelet.nl\\\/shop\\\/\"},{\"@type\":\"ListItem\",\"position\":3,\"name\":\"Blume Gold\"}]},{\"@type\":\"WebSite\",\"@id\":\"https:\\\/\\\/italianbracelet.nl\\\/de\\\/#website\",\"url\":\"https:\\\/\\\/italianbracelet.nl\\\/de\\\/\",\"name\":\"Italian Bracelet\",\"description\":\"Maak je eigen Italian Bracelet met charms naar keuze\",\"publisher\":{\"@id\":\"https:\\\/\\\/italianbracelet.nl\\\/de\\\/#organization\"},\"alternateName\":\"Italian Charm Bracelet\",\"potentialAction\":[{\"@type\":\"SearchAction\",\"target\":{\"@type\":\"EntryPoint\",\"urlTemplate\":\"https:\\\/\\\/italianbracelet.nl\\\/de\\\/?s={search_term_string}\"},\"query-input\":{\"@type\":\"PropertyValueSpecification\",\"valueRequired\":true,\"valueName\":\"search_term_string\"}}],\"inLanguage\":\"de\"},{\"@type\":\"Organization\",\"@id\":\"https:\\\/\\\/italianbracelet.nl\\\/de\\\/#organization\",\"name\":\"Italian Bracelet\",\"alternateName\":\"Italian Charm Bracelet\",\"url\":\"https:\\\/\\\/italianbracelet.nl\\\/de\\\/\",\"logo\":{\"@type\":\"ImageObject\",\"inLanguage\":\"de\",\"@id\":\"https:\\\/\\\/italianbracelet.nl\\\/de\\\/#\\\/schema\\\/logo\\\/image\\\/\",\"url\":\"https:\\\/\\\/italianbracelet.nl\\\/wp-content\\\/uploads\\\/2023\\\/06\\\/Italian-Bracelet-LOGO-new.png\",\"contentUrl\":\"https:\\\/\\\/italianbracelet.nl\\\/wp-content\\\/uploads\\\/2023\\\/06\\\/Italian-Bracelet-LOGO-new.png\",\"width\":500,\"height\":500,\"caption\":\"Italian Bracelet\"},\"image\":{\"@id\":\"https:\\\/\\\/italianbracelet.nl\\\/de\\\/#\\\/schema\\\/logo\\\/image\\\/\"},\"sameAs\":[\"https:\\\/\\\/www.tiktok.com\\\/@italianbracelet\"]}]}<\/script>\n<!-- \/ Yoast SEO plugin. -->","yoast_head_json":{"title":"Blume Gold - italianbracelet.nl","description":"Charm Flower Gold f\u00fcr Ihr italienisches Armband mit dem Bild einer Blume. Italienisches Armband; die gr\u00f6\u00dfte Auswahl an Anh\u00e4ngern.","robots":{"index":"index","follow":"follow","max-snippet":"max-snippet:-1","max-image-preview":"max-image-preview:large","max-video-preview":"max-video-preview:-1"},"canonical":"https:\/\/italianbracelet.nl\/de\/produkt\/kostenlos-kopie-2\/","og_locale":"de_DE","og_type":"article","og_title":"Blume Gold - italianbracelet.nl","og_description":"Charm Flower Gold f\u00fcr Ihr italienisches Armband mit dem Bild einer Blume. Italienisches Armband; die gr\u00f6\u00dfte Auswahl an Anh\u00e4ngern.","og_url":"https:\/\/italianbracelet.nl\/de\/produkt\/kostenlos-kopie-2\/","og_site_name":"italianbracelet.nl","article_modified_time":"2025-11-20T15:42:52+00:00","og_image":[{"width":800,"height":800,"url":"https:\/\/italianbracelet.nl\/wp-content\/uploads\/2025\/11\/IB666_Bloemetje-goud.webp","type":"image\/webp"}],"twitter_card":"summary_large_image","schema":{"@context":"https:\/\/schema.org","@graph":[{"@type":"WebPage","@id":"https:\/\/italianbracelet.nl\/de\/produkt\/kostenlos-kopie-2\/","url":"https:\/\/italianbracelet.nl\/de\/produkt\/kostenlos-kopie-2\/","name":"Blume Gold - italianbracelet.nl","isPartOf":{"@id":"https:\/\/italianbracelet.nl\/de\/#website"},"primaryImageOfPage":{"@id":"https:\/\/italianbracelet.nl\/de\/produkt\/kostenlos-kopie-2\/#primaryimage"},"image":{"@id":"https:\/\/italianbracelet.nl\/de\/produkt\/kostenlos-kopie-2\/#primaryimage"},"thumbnailUrl":"https:\/\/italianbracelet.nl\/wp-content\/uploads\/2025\/11\/IB666_Bloemetje-goud.webp","datePublished":"2025-11-20T15:39:07+00:00","dateModified":"2025-11-20T15:42:52+00:00","description":"Charm Flower Gold f\u00fcr Ihr italienisches Armband mit dem Bild einer Blume. Italienisches Armband; die gr\u00f6\u00dfte Auswahl an Anh\u00e4ngern.","breadcrumb":{"@id":"https:\/\/italianbracelet.nl\/de\/produkt\/kostenlos-kopie-2\/#breadcrumb"},"inLanguage":"de","potentialAction":[{"@type":"ReadAction","target":["https:\/\/italianbracelet.nl\/de\/produkt\/kostenlos-kopie-2\/"]}]},{"@type":"ImageObject","inLanguage":"de","@id":"https:\/\/italianbracelet.nl\/de\/produkt\/kostenlos-kopie-2\/#primaryimage","url":"https:\/\/italianbracelet.nl\/wp-content\/uploads\/2025\/11\/IB666_Bloemetje-goud.webp","contentUrl":"https:\/\/italianbracelet.nl\/wp-content\/uploads\/2025\/11\/IB666_Bloemetje-goud.webp","width":800,"height":800,"caption":"Charme Blume Gold von Italian Bracelet"},{"@type":"BreadcrumbList","@id":"https:\/\/italianbracelet.nl\/de\/produkt\/kostenlos-kopie-2\/#breadcrumb","itemListElement":[{"@type":"ListItem","position":1,"name":"Home","item":"https:\/\/italianbracelet.nl\/de\/"},{"@type":"ListItem","position":2,"name":"Shop","item":"https:\/\/italianbracelet.nl\/shop\/"},{"@type":"ListItem","position":3,"name":"Blume Gold"}]},{"@type":"WebSite","@id":"https:\/\/italianbracelet.nl\/de\/#website","url":"https:\/\/italianbracelet.nl\/de\/","name":"Italian Bracelet","description":"Maak je eigen Italian Bracelet met charms naar keuze","publisher":{"@id":"https:\/\/italianbracelet.nl\/de\/#organization"},"alternateName":"Italian Charm Bracelet","potentialAction":[{"@type":"SearchAction","target":{"@type":"EntryPoint","urlTemplate":"https:\/\/italianbracelet.nl\/de\/?s={search_term_string}"},"query-input":{"@type":"PropertyValueSpecification","valueRequired":true,"valueName":"search_term_string"}}],"inLanguage":"de"},{"@type":"Organization","@id":"https:\/\/italianbracelet.nl\/de\/#organization","name":"Italian Bracelet","alternateName":"Italian Charm Bracelet","url":"https:\/\/italianbracelet.nl\/de\/","logo":{"@type":"ImageObject","inLanguage":"de","@id":"https:\/\/italianbracelet.nl\/de\/#\/schema\/logo\/image\/","url":"https:\/\/italianbracelet.nl\/wp-content\/uploads\/2023\/06\/Italian-Bracelet-LOGO-new.png","contentUrl":"https:\/\/italianbracelet.nl\/wp-content\/uploads\/2023\/06\/Italian-Bracelet-LOGO-new.png","width":500,"height":500,"caption":"Italian Bracelet"},"image":{"@id":"https:\/\/italianbracelet.nl\/de\/#\/schema\/logo\/image\/"},"sameAs":["https:\/\/www.tiktok.com\/@italianbracelet"]}]}},"_links":{"self":[{"href":"https:\/\/italianbracelet.nl\/de\/wp-json\/wp\/v2\/product\/13999","targetHints":{"allow":["GET"]}}],"collection":[{"href":"https:\/\/italianbracelet.nl\/de\/wp-json\/wp\/v2\/product"}],"about":[{"href":"https:\/\/italianbracelet.nl\/de\/wp-json\/wp\/v2\/types\/product"}],"wp:featuredmedia":[{"embeddable":true,"href":"https:\/\/italianbracelet.nl\/de\/wp-json\/wp\/v2\/media\/14002"}],"wp:attachment":[{"href":"https:\/\/italianbracelet.nl\/de\/wp-json\/wp\/v2\/media?parent=13999"}],"wp:term":[{"taxonomy":"product_brand","embeddable":true,"href":"https:\/\/italianbracelet.nl\/de\/wp-json\/wp\/v2\/product_brand?post=13999"},{"taxonomy":"product_cat","embeddable":true,"href":"https:\/\/italianbracelet.nl\/de\/wp-json\/wp\/v2\/product_cat?post=13999"},{"taxonomy":"product_tag","embeddable":true,"href":"https:\/\/italianbracelet.nl\/de\/wp-json\/wp\/v2\/product_tag?post=13999"}],"curies":[{"name":"wp","href":"https:\/\/api.w.org\/{rel}","templated":true}]}}