{"id":15697,"date":"2026-04-16T09:58:18","date_gmt":"2026-04-16T07:58:18","guid":{"rendered":"https:\/\/italianbracelet.nl\/?post_type=product&#038;p=15697"},"modified":"2026-04-16T10:02:03","modified_gmt":"2026-04-16T08:02:03","slug":"seepferdchen-kopie-2","status":"publish","type":"product","link":"https:\/\/italianbracelet.nl\/de\/produkt\/seepferdchen-kopie-2\/","title":{"rendered":"Kristallverkrustetes Seepferdchen gold"},"content":{"rendered":"<p>Charm Crystal Encrusted Seahorse gold f\u00fcr Ihr italienisches Armband mit einem Anh\u00e4nger in Form einer Meeresschildkr\u00f6te.<\/p>\n<p>M\u00f6chten Sie wissen, wie Sie den Crystal Encrusted Seahorse Gold Charm an Ihrem Italian Charm Armband anbringen k\u00f6nnen? Dann klicken Sie hier: <a href=\"https:\/\/italianbracelet.nl\/de\/wie-funktioniert-das\/\">Wie man ein italienisches Charm-Armband macht.<\/a><\/p>\n<p>Haben Sie Fragen zur Lieferzeit Ihrer bestellten Anh\u00e4nger, zum Lagerbestand des Goldanh\u00e4ngers Crystal Encrusted Seahorse oder zum weiteren Vorgehen, wenn der Goldanh\u00e4nger Crystal Encrusted Seahorse Ihr Favorit ist, aber gerade nicht vorr\u00e4tig ist? Dann klicken Sie hier: <a href=\"https:\/\/italianbracelet.nl\/de\/faq\/\">Das bringt mich sofort zu den FAQ (h\u00e4ufig gestellte Fragen)<\/a>.<\/p>\n<p>Der Anh\u00e4nger Crystal Encrusted Seahorse gold kann auch an eine italienische Halskette geh\u00e4ngt werden. W\u00e4hlen Sie dann die Option: F\u00fcr eine italienische Halskette. Wir passen den Anh\u00e4nger dann so an, dass er an eine Halskette geh\u00e4ngt werden kann. W\u00e4hlen Sie dann eine passende <a href=\"https:\/\/italianbracelet.nl\/de\/produkt-kategorie\/ketten\/\">Basis-Halskette<\/a>. Nat\u00fcrlich k\u00f6nnen Sie auch mehrere Anh\u00e4nger ausw\u00e4hlen, so dass Sie jeden Tag einen neuen Anh\u00e4nger an Ihre italienische Halskette h\u00e4ngen k\u00f6nnen.    <\/p>\n","protected":false},"excerpt":{"rendered":"<p>Charm Crystal Encrusted Seahorse gold mit einem Anh\u00e4nger in Form eines Seepferdchens f\u00fcr Ihr italienisches Armband.<\/p>\n","protected":false},"featured_media":15702,"template":"","meta":[],"product_brand":[],"product_cat":[252,370,251],"product_tag":[277,306,263],"class_list":{"0":"post-15697","1":"product","2":"type-product","3":"status-publish","4":"has-post-thumbnail","6":"product_cat-charme-kinder","7":"product_cat-charms-fur-halsketten","8":"product_cat-reize","9":"product_tag-charme","10":"product_tag-kristall-de","11":"product_tag-tier","13":"first","14":"instock","15":"taxable","16":"shipping-taxable","17":"purchasable","18":"product-type-variable","19":"has-default-attributes"},"yoast_head":"<!-- This site is optimized with the Yoast SEO plugin v27.4 - https:\/\/yoast.com\/product\/yoast-seo-wordpress\/ -->\n<title>Kristallverkrustetes Seepferdchen gold - italianbracelet.nl<\/title>\n<meta name=\"description\" content=\"Charm Crystal Encrusted Seahorse gold f\u00fcr Ihr italienisches Armband mit dem Bild eines Seepferdchens. Italienisches Armband; die gr\u00f6\u00dfte Auswahl an Anh\u00e4ngern.\" \/>\n<meta name=\"robots\" content=\"index, follow, max-snippet:-1, max-image-preview:large, max-video-preview:-1\" \/>\n<link rel=\"canonical\" href=\"https:\/\/italianbracelet.nl\/de\/produkt\/seepferdchen-kopie-2\/\" \/>\n<meta property=\"og:locale\" content=\"de_DE\" \/>\n<meta property=\"og:type\" content=\"article\" \/>\n<meta property=\"og:title\" content=\"Kristallverkrustetes Seepferdchen gold - italianbracelet.nl\" \/>\n<meta property=\"og:description\" content=\"Charm Crystal Encrusted Seahorse gold f\u00fcr Ihr italienisches Armband mit dem Bild eines Seepferdchens. Italienisches Armband; die gr\u00f6\u00dfte Auswahl an Anh\u00e4ngern.\" \/>\n<meta property=\"og:url\" content=\"https:\/\/italianbracelet.nl\/de\/produkt\/seepferdchen-kopie-2\/\" \/>\n<meta property=\"og:site_name\" content=\"italianbracelet.nl\" \/>\n<meta property=\"article:modified_time\" content=\"2026-04-16T08:02:03+00:00\" \/>\n<meta property=\"og:image\" content=\"https:\/\/italianbracelet.nl\/wp-content\/uploads\/2026\/04\/IBXX1_Crystal-Encrusted-Seahorse.jpg\" \/>\n\t<meta property=\"og:image:width\" content=\"284\" \/>\n\t<meta property=\"og:image:height\" content=\"678\" \/>\n\t<meta property=\"og:image:type\" content=\"image\/jpeg\" \/>\n<meta name=\"twitter:card\" content=\"summary_large_image\" \/>\n<meta name=\"twitter:label1\" content=\"Gesch\u00e4tzte Lesezeit\" \/>\n\t<meta name=\"twitter:data1\" content=\"1\u00a0Minute\" \/>\n<script type=\"application\/ld+json\" class=\"yoast-schema-graph\">{\"@context\":\"https:\\\/\\\/schema.org\",\"@graph\":[{\"@type\":\"WebPage\",\"@id\":\"https:\\\/\\\/italianbracelet.nl\\\/de\\\/produkt\\\/seepferdchen-kopie-2\\\/\",\"url\":\"https:\\\/\\\/italianbracelet.nl\\\/de\\\/produkt\\\/seepferdchen-kopie-2\\\/\",\"name\":\"Kristallverkrustetes Seepferdchen gold - italianbracelet.nl\",\"isPartOf\":{\"@id\":\"https:\\\/\\\/italianbracelet.nl\\\/de\\\/#website\"},\"primaryImageOfPage\":{\"@id\":\"https:\\\/\\\/italianbracelet.nl\\\/de\\\/produkt\\\/seepferdchen-kopie-2\\\/#primaryimage\"},\"image\":{\"@id\":\"https:\\\/\\\/italianbracelet.nl\\\/de\\\/produkt\\\/seepferdchen-kopie-2\\\/#primaryimage\"},\"thumbnailUrl\":\"https:\\\/\\\/italianbracelet.nl\\\/wp-content\\\/uploads\\\/2026\\\/04\\\/IBXX1_Crystal-Encrusted-Seahorse.jpg\",\"datePublished\":\"2026-04-16T07:58:18+00:00\",\"dateModified\":\"2026-04-16T08:02:03+00:00\",\"description\":\"Charm Crystal Encrusted Seahorse gold f\u00fcr Ihr italienisches Armband mit dem Bild eines Seepferdchens. Italienisches Armband; die gr\u00f6\u00dfte Auswahl an Anh\u00e4ngern.\",\"breadcrumb\":{\"@id\":\"https:\\\/\\\/italianbracelet.nl\\\/de\\\/produkt\\\/seepferdchen-kopie-2\\\/#breadcrumb\"},\"inLanguage\":\"de\",\"potentialAction\":[{\"@type\":\"ReadAction\",\"target\":[\"https:\\\/\\\/italianbracelet.nl\\\/de\\\/produkt\\\/seepferdchen-kopie-2\\\/\"]}]},{\"@type\":\"ImageObject\",\"inLanguage\":\"de\",\"@id\":\"https:\\\/\\\/italianbracelet.nl\\\/de\\\/produkt\\\/seepferdchen-kopie-2\\\/#primaryimage\",\"url\":\"https:\\\/\\\/italianbracelet.nl\\\/wp-content\\\/uploads\\\/2026\\\/04\\\/IBXX1_Crystal-Encrusted-Seahorse.jpg\",\"contentUrl\":\"https:\\\/\\\/italianbracelet.nl\\\/wp-content\\\/uploads\\\/2026\\\/04\\\/IBXX1_Crystal-Encrusted-Seahorse.jpg\",\"width\":284,\"height\":678,\"caption\":\"Charm Kristall verkrustetes Seepferdchen gold von Italian Bracelet\"},{\"@type\":\"BreadcrumbList\",\"@id\":\"https:\\\/\\\/italianbracelet.nl\\\/de\\\/produkt\\\/seepferdchen-kopie-2\\\/#breadcrumb\",\"itemListElement\":[{\"@type\":\"ListItem\",\"position\":1,\"name\":\"Home\",\"item\":\"https:\\\/\\\/italianbracelet.nl\\\/de\\\/\"},{\"@type\":\"ListItem\",\"position\":2,\"name\":\"Shop\",\"item\":\"https:\\\/\\\/italianbracelet.nl\\\/shop\\\/\"},{\"@type\":\"ListItem\",\"position\":3,\"name\":\"Kristallverkrustetes Seepferdchen gold\"}]},{\"@type\":\"WebSite\",\"@id\":\"https:\\\/\\\/italianbracelet.nl\\\/de\\\/#website\",\"url\":\"https:\\\/\\\/italianbracelet.nl\\\/de\\\/\",\"name\":\"Italian Bracelet\",\"description\":\"Maak je eigen Italian Bracelet met charms naar keuze\",\"publisher\":{\"@id\":\"https:\\\/\\\/italianbracelet.nl\\\/de\\\/#organization\"},\"alternateName\":\"Italian Charm Bracelet\",\"potentialAction\":[{\"@type\":\"SearchAction\",\"target\":{\"@type\":\"EntryPoint\",\"urlTemplate\":\"https:\\\/\\\/italianbracelet.nl\\\/de\\\/?s={search_term_string}\"},\"query-input\":{\"@type\":\"PropertyValueSpecification\",\"valueRequired\":true,\"valueName\":\"search_term_string\"}}],\"inLanguage\":\"de\"},{\"@type\":\"Organization\",\"@id\":\"https:\\\/\\\/italianbracelet.nl\\\/de\\\/#organization\",\"name\":\"Italian Bracelet\",\"alternateName\":\"Italian Charm Bracelet\",\"url\":\"https:\\\/\\\/italianbracelet.nl\\\/de\\\/\",\"logo\":{\"@type\":\"ImageObject\",\"inLanguage\":\"de\",\"@id\":\"https:\\\/\\\/italianbracelet.nl\\\/de\\\/#\\\/schema\\\/logo\\\/image\\\/\",\"url\":\"https:\\\/\\\/italianbracelet.nl\\\/wp-content\\\/uploads\\\/2023\\\/06\\\/Italian-Bracelet-LOGO-new.png\",\"contentUrl\":\"https:\\\/\\\/italianbracelet.nl\\\/wp-content\\\/uploads\\\/2023\\\/06\\\/Italian-Bracelet-LOGO-new.png\",\"width\":500,\"height\":500,\"caption\":\"Italian Bracelet\"},\"image\":{\"@id\":\"https:\\\/\\\/italianbracelet.nl\\\/de\\\/#\\\/schema\\\/logo\\\/image\\\/\"},\"sameAs\":[\"https:\\\/\\\/www.tiktok.com\\\/@italianbracelet\"]}]}<\/script>\n<!-- \/ Yoast SEO plugin. -->","yoast_head_json":{"title":"Kristallverkrustetes Seepferdchen gold - italianbracelet.nl","description":"Charm Crystal Encrusted Seahorse gold f\u00fcr Ihr italienisches Armband mit dem Bild eines Seepferdchens. Italienisches Armband; die gr\u00f6\u00dfte Auswahl an Anh\u00e4ngern.","robots":{"index":"index","follow":"follow","max-snippet":"max-snippet:-1","max-image-preview":"max-image-preview:large","max-video-preview":"max-video-preview:-1"},"canonical":"https:\/\/italianbracelet.nl\/de\/produkt\/seepferdchen-kopie-2\/","og_locale":"de_DE","og_type":"article","og_title":"Kristallverkrustetes Seepferdchen gold - italianbracelet.nl","og_description":"Charm Crystal Encrusted Seahorse gold f\u00fcr Ihr italienisches Armband mit dem Bild eines Seepferdchens. Italienisches Armband; die gr\u00f6\u00dfte Auswahl an Anh\u00e4ngern.","og_url":"https:\/\/italianbracelet.nl\/de\/produkt\/seepferdchen-kopie-2\/","og_site_name":"italianbracelet.nl","article_modified_time":"2026-04-16T08:02:03+00:00","og_image":[{"width":284,"height":678,"url":"https:\/\/italianbracelet.nl\/wp-content\/uploads\/2026\/04\/IBXX1_Crystal-Encrusted-Seahorse.jpg","type":"image\/jpeg"}],"twitter_card":"summary_large_image","twitter_misc":{"Gesch\u00e4tzte Lesezeit":"1\u00a0Minute"},"schema":{"@context":"https:\/\/schema.org","@graph":[{"@type":"WebPage","@id":"https:\/\/italianbracelet.nl\/de\/produkt\/seepferdchen-kopie-2\/","url":"https:\/\/italianbracelet.nl\/de\/produkt\/seepferdchen-kopie-2\/","name":"Kristallverkrustetes Seepferdchen gold - italianbracelet.nl","isPartOf":{"@id":"https:\/\/italianbracelet.nl\/de\/#website"},"primaryImageOfPage":{"@id":"https:\/\/italianbracelet.nl\/de\/produkt\/seepferdchen-kopie-2\/#primaryimage"},"image":{"@id":"https:\/\/italianbracelet.nl\/de\/produkt\/seepferdchen-kopie-2\/#primaryimage"},"thumbnailUrl":"https:\/\/italianbracelet.nl\/wp-content\/uploads\/2026\/04\/IBXX1_Crystal-Encrusted-Seahorse.jpg","datePublished":"2026-04-16T07:58:18+00:00","dateModified":"2026-04-16T08:02:03+00:00","description":"Charm Crystal Encrusted Seahorse gold f\u00fcr Ihr italienisches Armband mit dem Bild eines Seepferdchens. Italienisches Armband; die gr\u00f6\u00dfte Auswahl an Anh\u00e4ngern.","breadcrumb":{"@id":"https:\/\/italianbracelet.nl\/de\/produkt\/seepferdchen-kopie-2\/#breadcrumb"},"inLanguage":"de","potentialAction":[{"@type":"ReadAction","target":["https:\/\/italianbracelet.nl\/de\/produkt\/seepferdchen-kopie-2\/"]}]},{"@type":"ImageObject","inLanguage":"de","@id":"https:\/\/italianbracelet.nl\/de\/produkt\/seepferdchen-kopie-2\/#primaryimage","url":"https:\/\/italianbracelet.nl\/wp-content\/uploads\/2026\/04\/IBXX1_Crystal-Encrusted-Seahorse.jpg","contentUrl":"https:\/\/italianbracelet.nl\/wp-content\/uploads\/2026\/04\/IBXX1_Crystal-Encrusted-Seahorse.jpg","width":284,"height":678,"caption":"Charm Kristall verkrustetes Seepferdchen gold von Italian Bracelet"},{"@type":"BreadcrumbList","@id":"https:\/\/italianbracelet.nl\/de\/produkt\/seepferdchen-kopie-2\/#breadcrumb","itemListElement":[{"@type":"ListItem","position":1,"name":"Home","item":"https:\/\/italianbracelet.nl\/de\/"},{"@type":"ListItem","position":2,"name":"Shop","item":"https:\/\/italianbracelet.nl\/shop\/"},{"@type":"ListItem","position":3,"name":"Kristallverkrustetes Seepferdchen gold"}]},{"@type":"WebSite","@id":"https:\/\/italianbracelet.nl\/de\/#website","url":"https:\/\/italianbracelet.nl\/de\/","name":"Italian Bracelet","description":"Maak je eigen Italian Bracelet met charms naar keuze","publisher":{"@id":"https:\/\/italianbracelet.nl\/de\/#organization"},"alternateName":"Italian Charm Bracelet","potentialAction":[{"@type":"SearchAction","target":{"@type":"EntryPoint","urlTemplate":"https:\/\/italianbracelet.nl\/de\/?s={search_term_string}"},"query-input":{"@type":"PropertyValueSpecification","valueRequired":true,"valueName":"search_term_string"}}],"inLanguage":"de"},{"@type":"Organization","@id":"https:\/\/italianbracelet.nl\/de\/#organization","name":"Italian Bracelet","alternateName":"Italian Charm Bracelet","url":"https:\/\/italianbracelet.nl\/de\/","logo":{"@type":"ImageObject","inLanguage":"de","@id":"https:\/\/italianbracelet.nl\/de\/#\/schema\/logo\/image\/","url":"https:\/\/italianbracelet.nl\/wp-content\/uploads\/2023\/06\/Italian-Bracelet-LOGO-new.png","contentUrl":"https:\/\/italianbracelet.nl\/wp-content\/uploads\/2023\/06\/Italian-Bracelet-LOGO-new.png","width":500,"height":500,"caption":"Italian Bracelet"},"image":{"@id":"https:\/\/italianbracelet.nl\/de\/#\/schema\/logo\/image\/"},"sameAs":["https:\/\/www.tiktok.com\/@italianbracelet"]}]}},"_links":{"self":[{"href":"https:\/\/italianbracelet.nl\/de\/wp-json\/wp\/v2\/product\/15697","targetHints":{"allow":["GET"]}}],"collection":[{"href":"https:\/\/italianbracelet.nl\/de\/wp-json\/wp\/v2\/product"}],"about":[{"href":"https:\/\/italianbracelet.nl\/de\/wp-json\/wp\/v2\/types\/product"}],"wp:featuredmedia":[{"embeddable":true,"href":"https:\/\/italianbracelet.nl\/de\/wp-json\/wp\/v2\/media\/15702"}],"wp:attachment":[{"href":"https:\/\/italianbracelet.nl\/de\/wp-json\/wp\/v2\/media?parent=15697"}],"wp:term":[{"taxonomy":"product_brand","embeddable":true,"href":"https:\/\/italianbracelet.nl\/de\/wp-json\/wp\/v2\/product_brand?post=15697"},{"taxonomy":"product_cat","embeddable":true,"href":"https:\/\/italianbracelet.nl\/de\/wp-json\/wp\/v2\/product_cat?post=15697"},{"taxonomy":"product_tag","embeddable":true,"href":"https:\/\/italianbracelet.nl\/de\/wp-json\/wp\/v2\/product_tag?post=15697"}],"curies":[{"name":"wp","href":"https:\/\/api.w.org\/{rel}","templated":true}]}}