{"id":6552,"date":"2023-12-01T15:16:59","date_gmt":"2023-12-01T14:16:59","guid":{"rendered":"https:\/\/italianbracelet.nl\/product\/goldenes-ei\/"},"modified":"2025-04-07T17:31:34","modified_gmt":"2025-04-07T15:31:34","slug":"goldenes-ei","status":"publish","type":"product","link":"https:\/\/italianbracelet.nl\/de\/produkt\/goldenes-ei\/","title":{"rendered":"Goldenes Ei"},"content":{"rendered":"<p>Charm Goldenes Ei f\u00fcr auf Ihr italienisches Armband mit einem Bild einer goldenen Spitze.<\/p>\n<p>M\u00f6chten Sie wissen, wie Sie das Goldene Ei in Ihr italienisches Charm-Armband einsetzen k\u00f6nnen? Dann klicken Sie hier: <a href=\"https:\/\/italianbracelet.nl\/de\/wie-funktioniert-das\/\">Wie man ein italienisches Charm-Armband macht.<\/a><\/p>\n<p>Haben Sie Fragen zur Lieferzeit Ihrer bestellten Charms, zum Lagerbestand des Golden Egg Charm oder zum weiteren Vorgehen, wenn der Golden Egg Charm Ihr Favorit ist, aber gerade nicht auf Lager ist? Dann klicken Sie hier: <a href=\"https:\/\/italianbracelet.nl\/de\/faq\/\">Das bringt mich sofort zu den FAQ (h\u00e4ufig gestellte Fragen)<\/a>.<\/p>\n","protected":false},"excerpt":{"rendered":"<p>Charm Goldenes Ei mit einer ovalen Form aus Gold f\u00fcr Ihr italienisches Armband.<\/p>\n","protected":false},"featured_media":6555,"template":"","meta":[],"product_brand":[],"product_cat":[251],"product_tag":[254],"class_list":{"0":"post-6552","1":"product","2":"type-product","3":"status-publish","4":"has-post-thumbnail","6":"product_cat-reize","7":"product_tag-bild","9":"first","10":"instock","11":"taxable","12":"shipping-taxable","13":"purchasable","14":"product-type-simple"},"yoast_head":"<!-- This site is optimized with the Yoast SEO plugin v27.4 - https:\/\/yoast.com\/product\/yoast-seo-wordpress\/ -->\n<title>Goldenes Ei - italianbracelet.nl<\/title>\n<meta name=\"description\" content=\"Charm Golden Egg f\u00fcr Ihr italienisches Armband mit einer ovalen eif\u00f6rmigen Spitze aus Gold. Italienisches Armband; die gr\u00f6\u00dfte Auswahl an Anh\u00e4ngern.\" \/>\n<meta name=\"robots\" content=\"index, follow, max-snippet:-1, max-image-preview:large, max-video-preview:-1\" \/>\n<link rel=\"canonical\" href=\"https:\/\/italianbracelet.nl\/de\/produkt\/goldenes-ei\/\" \/>\n<meta property=\"og:locale\" content=\"de_DE\" \/>\n<meta property=\"og:type\" content=\"article\" \/>\n<meta property=\"og:title\" content=\"Goldenes Ei - italianbracelet.nl\" \/>\n<meta property=\"og:description\" content=\"Charm Golden Egg f\u00fcr Ihr italienisches Armband mit einer ovalen eif\u00f6rmigen Spitze aus Gold. Italienisches Armband; die gr\u00f6\u00dfte Auswahl an Anh\u00e4ngern.\" \/>\n<meta property=\"og:url\" content=\"https:\/\/italianbracelet.nl\/de\/produkt\/goldenes-ei\/\" \/>\n<meta property=\"og:site_name\" content=\"italianbracelet.nl\" \/>\n<meta property=\"article:modified_time\" content=\"2025-04-07T15:31:34+00:00\" \/>\n<meta property=\"og:image\" content=\"https:\/\/italianbracelet.nl\/wp-content\/uploads\/2023\/12\/IB270_Golden-Egg.jpg\" \/>\n\t<meta property=\"og:image:width\" content=\"640\" \/>\n\t<meta property=\"og:image:height\" content=\"640\" \/>\n\t<meta property=\"og:image:type\" content=\"image\/jpeg\" \/>\n<meta name=\"twitter:card\" content=\"summary_large_image\" \/>\n<script type=\"application\/ld+json\" class=\"yoast-schema-graph\">{\"@context\":\"https:\\\/\\\/schema.org\",\"@graph\":[{\"@type\":\"WebPage\",\"@id\":\"https:\\\/\\\/italianbracelet.nl\\\/de\\\/produkt\\\/goldenes-ei\\\/\",\"url\":\"https:\\\/\\\/italianbracelet.nl\\\/de\\\/produkt\\\/goldenes-ei\\\/\",\"name\":\"Goldenes Ei - italianbracelet.nl\",\"isPartOf\":{\"@id\":\"https:\\\/\\\/italianbracelet.nl\\\/de\\\/#website\"},\"primaryImageOfPage\":{\"@id\":\"https:\\\/\\\/italianbracelet.nl\\\/de\\\/produkt\\\/goldenes-ei\\\/#primaryimage\"},\"image\":{\"@id\":\"https:\\\/\\\/italianbracelet.nl\\\/de\\\/produkt\\\/goldenes-ei\\\/#primaryimage\"},\"thumbnailUrl\":\"https:\\\/\\\/italianbracelet.nl\\\/wp-content\\\/uploads\\\/2023\\\/12\\\/IB270_Golden-Egg.jpg\",\"datePublished\":\"2023-12-01T14:16:59+00:00\",\"dateModified\":\"2025-04-07T15:31:34+00:00\",\"description\":\"Charm Golden Egg f\u00fcr Ihr italienisches Armband mit einer ovalen eif\u00f6rmigen Spitze aus Gold. Italienisches Armband; die gr\u00f6\u00dfte Auswahl an Anh\u00e4ngern.\",\"breadcrumb\":{\"@id\":\"https:\\\/\\\/italianbracelet.nl\\\/de\\\/produkt\\\/goldenes-ei\\\/#breadcrumb\"},\"inLanguage\":\"de\",\"potentialAction\":[{\"@type\":\"ReadAction\",\"target\":[\"https:\\\/\\\/italianbracelet.nl\\\/de\\\/produkt\\\/goldenes-ei\\\/\"]}]},{\"@type\":\"ImageObject\",\"inLanguage\":\"de\",\"@id\":\"https:\\\/\\\/italianbracelet.nl\\\/de\\\/produkt\\\/goldenes-ei\\\/#primaryimage\",\"url\":\"https:\\\/\\\/italianbracelet.nl\\\/wp-content\\\/uploads\\\/2023\\\/12\\\/IB270_Golden-Egg.jpg\",\"contentUrl\":\"https:\\\/\\\/italianbracelet.nl\\\/wp-content\\\/uploads\\\/2023\\\/12\\\/IB270_Golden-Egg.jpg\",\"width\":640,\"height\":640,\"caption\":\"Charm Goldenes Ei von Italian Bracelet\"},{\"@type\":\"BreadcrumbList\",\"@id\":\"https:\\\/\\\/italianbracelet.nl\\\/de\\\/produkt\\\/goldenes-ei\\\/#breadcrumb\",\"itemListElement\":[{\"@type\":\"ListItem\",\"position\":1,\"name\":\"Home\",\"item\":\"https:\\\/\\\/italianbracelet.nl\\\/de\\\/\"},{\"@type\":\"ListItem\",\"position\":2,\"name\":\"Shop\",\"item\":\"https:\\\/\\\/italianbracelet.nl\\\/shop\\\/\"},{\"@type\":\"ListItem\",\"position\":3,\"name\":\"Goldenes Ei\"}]},{\"@type\":\"WebSite\",\"@id\":\"https:\\\/\\\/italianbracelet.nl\\\/de\\\/#website\",\"url\":\"https:\\\/\\\/italianbracelet.nl\\\/de\\\/\",\"name\":\"Italian Bracelet\",\"description\":\"Maak je eigen Italian Bracelet met charms naar keuze\",\"publisher\":{\"@id\":\"https:\\\/\\\/italianbracelet.nl\\\/de\\\/#organization\"},\"alternateName\":\"Italian Charm Bracelet\",\"potentialAction\":[{\"@type\":\"SearchAction\",\"target\":{\"@type\":\"EntryPoint\",\"urlTemplate\":\"https:\\\/\\\/italianbracelet.nl\\\/de\\\/?s={search_term_string}\"},\"query-input\":{\"@type\":\"PropertyValueSpecification\",\"valueRequired\":true,\"valueName\":\"search_term_string\"}}],\"inLanguage\":\"de\"},{\"@type\":\"Organization\",\"@id\":\"https:\\\/\\\/italianbracelet.nl\\\/de\\\/#organization\",\"name\":\"Italian Bracelet\",\"alternateName\":\"Italian Charm Bracelet\",\"url\":\"https:\\\/\\\/italianbracelet.nl\\\/de\\\/\",\"logo\":{\"@type\":\"ImageObject\",\"inLanguage\":\"de\",\"@id\":\"https:\\\/\\\/italianbracelet.nl\\\/de\\\/#\\\/schema\\\/logo\\\/image\\\/\",\"url\":\"https:\\\/\\\/italianbracelet.nl\\\/wp-content\\\/uploads\\\/2023\\\/06\\\/Italian-Bracelet-LOGO-new.png\",\"contentUrl\":\"https:\\\/\\\/italianbracelet.nl\\\/wp-content\\\/uploads\\\/2023\\\/06\\\/Italian-Bracelet-LOGO-new.png\",\"width\":500,\"height\":500,\"caption\":\"Italian Bracelet\"},\"image\":{\"@id\":\"https:\\\/\\\/italianbracelet.nl\\\/de\\\/#\\\/schema\\\/logo\\\/image\\\/\"},\"sameAs\":[\"https:\\\/\\\/www.tiktok.com\\\/@italianbracelet\"]}]}<\/script>\n<!-- \/ Yoast SEO plugin. -->","yoast_head_json":{"title":"Goldenes Ei - italianbracelet.nl","description":"Charm Golden Egg f\u00fcr Ihr italienisches Armband mit einer ovalen eif\u00f6rmigen Spitze aus Gold. Italienisches Armband; die gr\u00f6\u00dfte Auswahl an Anh\u00e4ngern.","robots":{"index":"index","follow":"follow","max-snippet":"max-snippet:-1","max-image-preview":"max-image-preview:large","max-video-preview":"max-video-preview:-1"},"canonical":"https:\/\/italianbracelet.nl\/de\/produkt\/goldenes-ei\/","og_locale":"de_DE","og_type":"article","og_title":"Goldenes Ei - italianbracelet.nl","og_description":"Charm Golden Egg f\u00fcr Ihr italienisches Armband mit einer ovalen eif\u00f6rmigen Spitze aus Gold. Italienisches Armband; die gr\u00f6\u00dfte Auswahl an Anh\u00e4ngern.","og_url":"https:\/\/italianbracelet.nl\/de\/produkt\/goldenes-ei\/","og_site_name":"italianbracelet.nl","article_modified_time":"2025-04-07T15:31:34+00:00","og_image":[{"width":640,"height":640,"url":"https:\/\/italianbracelet.nl\/wp-content\/uploads\/2023\/12\/IB270_Golden-Egg.jpg","type":"image\/jpeg"}],"twitter_card":"summary_large_image","schema":{"@context":"https:\/\/schema.org","@graph":[{"@type":"WebPage","@id":"https:\/\/italianbracelet.nl\/de\/produkt\/goldenes-ei\/","url":"https:\/\/italianbracelet.nl\/de\/produkt\/goldenes-ei\/","name":"Goldenes Ei - italianbracelet.nl","isPartOf":{"@id":"https:\/\/italianbracelet.nl\/de\/#website"},"primaryImageOfPage":{"@id":"https:\/\/italianbracelet.nl\/de\/produkt\/goldenes-ei\/#primaryimage"},"image":{"@id":"https:\/\/italianbracelet.nl\/de\/produkt\/goldenes-ei\/#primaryimage"},"thumbnailUrl":"https:\/\/italianbracelet.nl\/wp-content\/uploads\/2023\/12\/IB270_Golden-Egg.jpg","datePublished":"2023-12-01T14:16:59+00:00","dateModified":"2025-04-07T15:31:34+00:00","description":"Charm Golden Egg f\u00fcr Ihr italienisches Armband mit einer ovalen eif\u00f6rmigen Spitze aus Gold. Italienisches Armband; die gr\u00f6\u00dfte Auswahl an Anh\u00e4ngern.","breadcrumb":{"@id":"https:\/\/italianbracelet.nl\/de\/produkt\/goldenes-ei\/#breadcrumb"},"inLanguage":"de","potentialAction":[{"@type":"ReadAction","target":["https:\/\/italianbracelet.nl\/de\/produkt\/goldenes-ei\/"]}]},{"@type":"ImageObject","inLanguage":"de","@id":"https:\/\/italianbracelet.nl\/de\/produkt\/goldenes-ei\/#primaryimage","url":"https:\/\/italianbracelet.nl\/wp-content\/uploads\/2023\/12\/IB270_Golden-Egg.jpg","contentUrl":"https:\/\/italianbracelet.nl\/wp-content\/uploads\/2023\/12\/IB270_Golden-Egg.jpg","width":640,"height":640,"caption":"Charm Goldenes Ei von Italian Bracelet"},{"@type":"BreadcrumbList","@id":"https:\/\/italianbracelet.nl\/de\/produkt\/goldenes-ei\/#breadcrumb","itemListElement":[{"@type":"ListItem","position":1,"name":"Home","item":"https:\/\/italianbracelet.nl\/de\/"},{"@type":"ListItem","position":2,"name":"Shop","item":"https:\/\/italianbracelet.nl\/shop\/"},{"@type":"ListItem","position":3,"name":"Goldenes Ei"}]},{"@type":"WebSite","@id":"https:\/\/italianbracelet.nl\/de\/#website","url":"https:\/\/italianbracelet.nl\/de\/","name":"Italian Bracelet","description":"Maak je eigen Italian Bracelet met charms naar keuze","publisher":{"@id":"https:\/\/italianbracelet.nl\/de\/#organization"},"alternateName":"Italian Charm Bracelet","potentialAction":[{"@type":"SearchAction","target":{"@type":"EntryPoint","urlTemplate":"https:\/\/italianbracelet.nl\/de\/?s={search_term_string}"},"query-input":{"@type":"PropertyValueSpecification","valueRequired":true,"valueName":"search_term_string"}}],"inLanguage":"de"},{"@type":"Organization","@id":"https:\/\/italianbracelet.nl\/de\/#organization","name":"Italian Bracelet","alternateName":"Italian Charm Bracelet","url":"https:\/\/italianbracelet.nl\/de\/","logo":{"@type":"ImageObject","inLanguage":"de","@id":"https:\/\/italianbracelet.nl\/de\/#\/schema\/logo\/image\/","url":"https:\/\/italianbracelet.nl\/wp-content\/uploads\/2023\/06\/Italian-Bracelet-LOGO-new.png","contentUrl":"https:\/\/italianbracelet.nl\/wp-content\/uploads\/2023\/06\/Italian-Bracelet-LOGO-new.png","width":500,"height":500,"caption":"Italian Bracelet"},"image":{"@id":"https:\/\/italianbracelet.nl\/de\/#\/schema\/logo\/image\/"},"sameAs":["https:\/\/www.tiktok.com\/@italianbracelet"]}]}},"_links":{"self":[{"href":"https:\/\/italianbracelet.nl\/de\/wp-json\/wp\/v2\/product\/6552","targetHints":{"allow":["GET"]}}],"collection":[{"href":"https:\/\/italianbracelet.nl\/de\/wp-json\/wp\/v2\/product"}],"about":[{"href":"https:\/\/italianbracelet.nl\/de\/wp-json\/wp\/v2\/types\/product"}],"wp:featuredmedia":[{"embeddable":true,"href":"https:\/\/italianbracelet.nl\/de\/wp-json\/wp\/v2\/media\/6555"}],"wp:attachment":[{"href":"https:\/\/italianbracelet.nl\/de\/wp-json\/wp\/v2\/media?parent=6552"}],"wp:term":[{"taxonomy":"product_brand","embeddable":true,"href":"https:\/\/italianbracelet.nl\/de\/wp-json\/wp\/v2\/product_brand?post=6552"},{"taxonomy":"product_cat","embeddable":true,"href":"https:\/\/italianbracelet.nl\/de\/wp-json\/wp\/v2\/product_cat?post=6552"},{"taxonomy":"product_tag","embeddable":true,"href":"https:\/\/italianbracelet.nl\/de\/wp-json\/wp\/v2\/product_tag?post=6552"}],"curies":[{"name":"wp","href":"https:\/\/api.w.org\/{rel}","templated":true}]}}