{"id":6646,"date":"2023-10-22T16:00:44","date_gmt":"2023-10-22T14:00:44","guid":{"rendered":"https:\/\/italianbracelet.nl\/product\/weihnachtsbaum\/"},"modified":"2025-12-24T18:03:39","modified_gmt":"2025-12-24T17:03:39","slug":"weihnachtsbaum","status":"publish","type":"product","link":"https:\/\/italianbracelet.nl\/de\/produkt\/weihnachtsbaum\/","title":{"rendered":"Weihnachtsbaum"},"content":{"rendered":"<p>Charmanter Weihnachtsbaum mit einem Weihnachtsbaum und Dekoration. Ein Weihnachtsbaum im Haus? Weihnachtsbaum auf Ihrem italienischen Armband. Gem\u00fctlich oder?<\/p>\n<p>M\u00f6chten Sie wissen, wie Sie den Weihnachtsbaum-Charm in Ihr italienisches Charm-Armband einsetzen k\u00f6nnen? Dann klicken Sie hier: <a href=\"https:\/\/italianbracelet.nl\/de\/wie-funktioniert-das\/\">Wie man ein italienisches Charm-Armband macht.<\/a><\/p>\n<p>Haben Sie Fragen zur Lieferzeit Ihrer bestellten Charmes oder zum Lagerbestand des Weihnachtsbaum-Charms?<span style=\"font-size: 14.4px;\">oder wie Sie vorgehen, wenn der Weihnachtsbaumanh\u00e4nger Ihr Favorit ist, aber gerade nicht vorr\u00e4tig ist? Dann klicken Sie hier:  <\/span><a style=\"font-size: 14.4px;\" href=\"https:\/\/italianbracelet.nl\/de\/faq\/\">bringt mich sofort zu den FAQ (h\u00e4ufig gestellte Fragen)<\/a><span style=\"font-size: 14.4px;\">.<\/span><\/p>\n","protected":false},"excerpt":{"rendered":"<p>Charm eines Weihnachtsbaums f\u00fcr das italienische Armband mit einem Charm eines Weihnachtsbaums mit Kristallen darin.<\/p>\n","protected":false},"featured_media":9035,"template":"","meta":[],"product_brand":[355],"product_cat":[370,251],"product_tag":[277,286,284],"class_list":{"0":"post-6646","1":"product","2":"type-product","3":"status-publish","4":"has-post-thumbnail","6":"product_brand-jasmin-jewels","7":"product_cat-charms-fur-halsketten","8":"product_cat-reize","9":"product_tag-charme","10":"product_tag-kristall","11":"product_tag-weihnachten","13":"first","14":"instock","15":"taxable","16":"shipping-taxable","17":"purchasable","18":"product-type-simple"},"yoast_head":"<!-- This site is optimized with the Yoast SEO plugin v27.4 - https:\/\/yoast.com\/product\/yoast-seo-wordpress\/ -->\n<title>Weihnachtsbaum - italianbracelet.nl<\/title>\n<meta name=\"description\" content=\"Charm Diamond crusted golden shell f\u00fcr Ihr italienisches Armband aus einer goldenen Muschel mit Kristallen. Italienisches Armband; die gr\u00f6\u00dfte Auswahl an Anh\u00e4ngern.\" \/>\n<meta name=\"robots\" content=\"index, follow, max-snippet:-1, max-image-preview:large, max-video-preview:-1\" \/>\n<link rel=\"canonical\" href=\"https:\/\/italianbracelet.nl\/de\/produkt\/weihnachtsbaum\/\" \/>\n<meta property=\"og:locale\" content=\"de_DE\" \/>\n<meta property=\"og:type\" content=\"article\" \/>\n<meta property=\"og:title\" content=\"Weihnachtsbaum - italianbracelet.nl\" \/>\n<meta property=\"og:description\" content=\"Charm Diamond crusted golden shell f\u00fcr Ihr italienisches Armband aus einer goldenen Muschel mit Kristallen. Italienisches Armband; die gr\u00f6\u00dfte Auswahl an Anh\u00e4ngern.\" \/>\n<meta property=\"og:url\" content=\"https:\/\/italianbracelet.nl\/de\/produkt\/weihnachtsbaum\/\" \/>\n<meta property=\"og:site_name\" content=\"italianbracelet.nl\" \/>\n<meta property=\"article:modified_time\" content=\"2025-12-24T17:03:39+00:00\" \/>\n<meta property=\"og:image\" content=\"https:\/\/italianbracelet.nl\/wp-content\/uploads\/2024\/10\/IB518_Jolly-X-mass-Tree.webp\" \/>\n\t<meta property=\"og:image:width\" content=\"1000\" \/>\n\t<meta property=\"og:image:height\" content=\"1000\" \/>\n\t<meta property=\"og:image:type\" content=\"image\/webp\" \/>\n<meta name=\"twitter:card\" content=\"summary_large_image\" \/>\n<script type=\"application\/ld+json\" class=\"yoast-schema-graph\">{\"@context\":\"https:\\\/\\\/schema.org\",\"@graph\":[{\"@type\":\"WebPage\",\"@id\":\"https:\\\/\\\/italianbracelet.nl\\\/de\\\/produkt\\\/weihnachtsbaum\\\/\",\"url\":\"https:\\\/\\\/italianbracelet.nl\\\/de\\\/produkt\\\/weihnachtsbaum\\\/\",\"name\":\"Weihnachtsbaum - italianbracelet.nl\",\"isPartOf\":{\"@id\":\"https:\\\/\\\/italianbracelet.nl\\\/de\\\/#website\"},\"primaryImageOfPage\":{\"@id\":\"https:\\\/\\\/italianbracelet.nl\\\/de\\\/produkt\\\/weihnachtsbaum\\\/#primaryimage\"},\"image\":{\"@id\":\"https:\\\/\\\/italianbracelet.nl\\\/de\\\/produkt\\\/weihnachtsbaum\\\/#primaryimage\"},\"thumbnailUrl\":\"https:\\\/\\\/italianbracelet.nl\\\/wp-content\\\/uploads\\\/2024\\\/10\\\/IB518_Jolly-X-mass-Tree.webp\",\"datePublished\":\"2023-10-22T14:00:44+00:00\",\"dateModified\":\"2025-12-24T17:03:39+00:00\",\"description\":\"Charm Diamond crusted golden shell f\u00fcr Ihr italienisches Armband aus einer goldenen Muschel mit Kristallen. Italienisches Armband; die gr\u00f6\u00dfte Auswahl an Anh\u00e4ngern.\",\"breadcrumb\":{\"@id\":\"https:\\\/\\\/italianbracelet.nl\\\/de\\\/produkt\\\/weihnachtsbaum\\\/#breadcrumb\"},\"inLanguage\":\"de\",\"potentialAction\":[{\"@type\":\"ReadAction\",\"target\":[\"https:\\\/\\\/italianbracelet.nl\\\/de\\\/produkt\\\/weihnachtsbaum\\\/\"]}]},{\"@type\":\"ImageObject\",\"inLanguage\":\"de\",\"@id\":\"https:\\\/\\\/italianbracelet.nl\\\/de\\\/produkt\\\/weihnachtsbaum\\\/#primaryimage\",\"url\":\"https:\\\/\\\/italianbracelet.nl\\\/wp-content\\\/uploads\\\/2024\\\/10\\\/IB518_Jolly-X-mass-Tree.webp\",\"contentUrl\":\"https:\\\/\\\/italianbracelet.nl\\\/wp-content\\\/uploads\\\/2024\\\/10\\\/IB518_Jolly-X-mass-Tree.webp\",\"width\":1000,\"height\":1000,\"caption\":\"Charm Kirschbaum von Italian Bracelet\"},{\"@type\":\"BreadcrumbList\",\"@id\":\"https:\\\/\\\/italianbracelet.nl\\\/de\\\/produkt\\\/weihnachtsbaum\\\/#breadcrumb\",\"itemListElement\":[{\"@type\":\"ListItem\",\"position\":1,\"name\":\"Home\",\"item\":\"https:\\\/\\\/italianbracelet.nl\\\/de\\\/\"},{\"@type\":\"ListItem\",\"position\":2,\"name\":\"Shop\",\"item\":\"https:\\\/\\\/italianbracelet.nl\\\/shop\\\/\"},{\"@type\":\"ListItem\",\"position\":3,\"name\":\"Weihnachtsbaum\"}]},{\"@type\":\"WebSite\",\"@id\":\"https:\\\/\\\/italianbracelet.nl\\\/de\\\/#website\",\"url\":\"https:\\\/\\\/italianbracelet.nl\\\/de\\\/\",\"name\":\"Italian Bracelet\",\"description\":\"Maak je eigen Italian Bracelet met charms naar keuze\",\"publisher\":{\"@id\":\"https:\\\/\\\/italianbracelet.nl\\\/de\\\/#organization\"},\"alternateName\":\"Italian Charm Bracelet\",\"potentialAction\":[{\"@type\":\"SearchAction\",\"target\":{\"@type\":\"EntryPoint\",\"urlTemplate\":\"https:\\\/\\\/italianbracelet.nl\\\/de\\\/?s={search_term_string}\"},\"query-input\":{\"@type\":\"PropertyValueSpecification\",\"valueRequired\":true,\"valueName\":\"search_term_string\"}}],\"inLanguage\":\"de\"},{\"@type\":\"Organization\",\"@id\":\"https:\\\/\\\/italianbracelet.nl\\\/de\\\/#organization\",\"name\":\"Italian Bracelet\",\"alternateName\":\"Italian Charm Bracelet\",\"url\":\"https:\\\/\\\/italianbracelet.nl\\\/de\\\/\",\"logo\":{\"@type\":\"ImageObject\",\"inLanguage\":\"de\",\"@id\":\"https:\\\/\\\/italianbracelet.nl\\\/de\\\/#\\\/schema\\\/logo\\\/image\\\/\",\"url\":\"https:\\\/\\\/italianbracelet.nl\\\/wp-content\\\/uploads\\\/2023\\\/06\\\/Italian-Bracelet-LOGO-new.png\",\"contentUrl\":\"https:\\\/\\\/italianbracelet.nl\\\/wp-content\\\/uploads\\\/2023\\\/06\\\/Italian-Bracelet-LOGO-new.png\",\"width\":500,\"height\":500,\"caption\":\"Italian Bracelet\"},\"image\":{\"@id\":\"https:\\\/\\\/italianbracelet.nl\\\/de\\\/#\\\/schema\\\/logo\\\/image\\\/\"},\"sameAs\":[\"https:\\\/\\\/www.tiktok.com\\\/@italianbracelet\"]}]}<\/script>\n<!-- \/ Yoast SEO plugin. -->","yoast_head_json":{"title":"Weihnachtsbaum - italianbracelet.nl","description":"Charm Diamond crusted golden shell f\u00fcr Ihr italienisches Armband aus einer goldenen Muschel mit Kristallen. Italienisches Armband; die gr\u00f6\u00dfte Auswahl an Anh\u00e4ngern.","robots":{"index":"index","follow":"follow","max-snippet":"max-snippet:-1","max-image-preview":"max-image-preview:large","max-video-preview":"max-video-preview:-1"},"canonical":"https:\/\/italianbracelet.nl\/de\/produkt\/weihnachtsbaum\/","og_locale":"de_DE","og_type":"article","og_title":"Weihnachtsbaum - italianbracelet.nl","og_description":"Charm Diamond crusted golden shell f\u00fcr Ihr italienisches Armband aus einer goldenen Muschel mit Kristallen. Italienisches Armband; die gr\u00f6\u00dfte Auswahl an Anh\u00e4ngern.","og_url":"https:\/\/italianbracelet.nl\/de\/produkt\/weihnachtsbaum\/","og_site_name":"italianbracelet.nl","article_modified_time":"2025-12-24T17:03:39+00:00","og_image":[{"width":1000,"height":1000,"url":"https:\/\/italianbracelet.nl\/wp-content\/uploads\/2024\/10\/IB518_Jolly-X-mass-Tree.webp","type":"image\/webp"}],"twitter_card":"summary_large_image","schema":{"@context":"https:\/\/schema.org","@graph":[{"@type":"WebPage","@id":"https:\/\/italianbracelet.nl\/de\/produkt\/weihnachtsbaum\/","url":"https:\/\/italianbracelet.nl\/de\/produkt\/weihnachtsbaum\/","name":"Weihnachtsbaum - italianbracelet.nl","isPartOf":{"@id":"https:\/\/italianbracelet.nl\/de\/#website"},"primaryImageOfPage":{"@id":"https:\/\/italianbracelet.nl\/de\/produkt\/weihnachtsbaum\/#primaryimage"},"image":{"@id":"https:\/\/italianbracelet.nl\/de\/produkt\/weihnachtsbaum\/#primaryimage"},"thumbnailUrl":"https:\/\/italianbracelet.nl\/wp-content\/uploads\/2024\/10\/IB518_Jolly-X-mass-Tree.webp","datePublished":"2023-10-22T14:00:44+00:00","dateModified":"2025-12-24T17:03:39+00:00","description":"Charm Diamond crusted golden shell f\u00fcr Ihr italienisches Armband aus einer goldenen Muschel mit Kristallen. Italienisches Armband; die gr\u00f6\u00dfte Auswahl an Anh\u00e4ngern.","breadcrumb":{"@id":"https:\/\/italianbracelet.nl\/de\/produkt\/weihnachtsbaum\/#breadcrumb"},"inLanguage":"de","potentialAction":[{"@type":"ReadAction","target":["https:\/\/italianbracelet.nl\/de\/produkt\/weihnachtsbaum\/"]}]},{"@type":"ImageObject","inLanguage":"de","@id":"https:\/\/italianbracelet.nl\/de\/produkt\/weihnachtsbaum\/#primaryimage","url":"https:\/\/italianbracelet.nl\/wp-content\/uploads\/2024\/10\/IB518_Jolly-X-mass-Tree.webp","contentUrl":"https:\/\/italianbracelet.nl\/wp-content\/uploads\/2024\/10\/IB518_Jolly-X-mass-Tree.webp","width":1000,"height":1000,"caption":"Charm Kirschbaum von Italian Bracelet"},{"@type":"BreadcrumbList","@id":"https:\/\/italianbracelet.nl\/de\/produkt\/weihnachtsbaum\/#breadcrumb","itemListElement":[{"@type":"ListItem","position":1,"name":"Home","item":"https:\/\/italianbracelet.nl\/de\/"},{"@type":"ListItem","position":2,"name":"Shop","item":"https:\/\/italianbracelet.nl\/shop\/"},{"@type":"ListItem","position":3,"name":"Weihnachtsbaum"}]},{"@type":"WebSite","@id":"https:\/\/italianbracelet.nl\/de\/#website","url":"https:\/\/italianbracelet.nl\/de\/","name":"Italian Bracelet","description":"Maak je eigen Italian Bracelet met charms naar keuze","publisher":{"@id":"https:\/\/italianbracelet.nl\/de\/#organization"},"alternateName":"Italian Charm Bracelet","potentialAction":[{"@type":"SearchAction","target":{"@type":"EntryPoint","urlTemplate":"https:\/\/italianbracelet.nl\/de\/?s={search_term_string}"},"query-input":{"@type":"PropertyValueSpecification","valueRequired":true,"valueName":"search_term_string"}}],"inLanguage":"de"},{"@type":"Organization","@id":"https:\/\/italianbracelet.nl\/de\/#organization","name":"Italian Bracelet","alternateName":"Italian Charm Bracelet","url":"https:\/\/italianbracelet.nl\/de\/","logo":{"@type":"ImageObject","inLanguage":"de","@id":"https:\/\/italianbracelet.nl\/de\/#\/schema\/logo\/image\/","url":"https:\/\/italianbracelet.nl\/wp-content\/uploads\/2023\/06\/Italian-Bracelet-LOGO-new.png","contentUrl":"https:\/\/italianbracelet.nl\/wp-content\/uploads\/2023\/06\/Italian-Bracelet-LOGO-new.png","width":500,"height":500,"caption":"Italian Bracelet"},"image":{"@id":"https:\/\/italianbracelet.nl\/de\/#\/schema\/logo\/image\/"},"sameAs":["https:\/\/www.tiktok.com\/@italianbracelet"]}]}},"_links":{"self":[{"href":"https:\/\/italianbracelet.nl\/de\/wp-json\/wp\/v2\/product\/6646","targetHints":{"allow":["GET"]}}],"collection":[{"href":"https:\/\/italianbracelet.nl\/de\/wp-json\/wp\/v2\/product"}],"about":[{"href":"https:\/\/italianbracelet.nl\/de\/wp-json\/wp\/v2\/types\/product"}],"wp:featuredmedia":[{"embeddable":true,"href":"https:\/\/italianbracelet.nl\/de\/wp-json\/wp\/v2\/media\/9035"}],"wp:attachment":[{"href":"https:\/\/italianbracelet.nl\/de\/wp-json\/wp\/v2\/media?parent=6646"}],"wp:term":[{"taxonomy":"product_brand","embeddable":true,"href":"https:\/\/italianbracelet.nl\/de\/wp-json\/wp\/v2\/product_brand?post=6646"},{"taxonomy":"product_cat","embeddable":true,"href":"https:\/\/italianbracelet.nl\/de\/wp-json\/wp\/v2\/product_cat?post=6646"},{"taxonomy":"product_tag","embeddable":true,"href":"https:\/\/italianbracelet.nl\/de\/wp-json\/wp\/v2\/product_tag?post=6646"}],"curies":[{"name":"wp","href":"https:\/\/api.w.org\/{rel}","templated":true}]}}