{"id":7024,"date":"2023-06-07T09:34:21","date_gmt":"2023-06-07T07:34:21","guid":{"rendered":"https:\/\/italianbracelet.nl\/product\/diamant-verkrustetes-pik\/"},"modified":"2025-12-12T12:17:30","modified_gmt":"2025-12-12T11:17:30","slug":"diamant-verkrustetes-pik","status":"publish","type":"product","link":"https:\/\/italianbracelet.nl\/de\/produkt\/diamant-verkrustetes-pik\/","title":{"rendered":"Kristallverkrusteter Spaten"},"content":{"rendered":"<p>CharmDiamond Encrusted Spade f\u00fcr Ihr italienisches Armband.<\/p>\n<p>M\u00f6chten Sie wissen, wie Sie den Diamond Encrusted Spade Charm in Ihr italienisches Charm-Armband einf\u00fcgen k\u00f6nnen? Dann klicken Sie hier: <a href=\"https:\/\/italianbracelet.nl\/de\/wie-funktioniert-das\/\">Wie man ein italienisches Charm-Armband macht.<\/a><\/p>\n<p>Haben Sie Fragen zur Lieferzeit Ihrer bestellten Anh\u00e4nger, zum Lagerbestand des Charmes Diamond Encrusted Spade oder wie Sie vorgehen k\u00f6nnen, wenn der Charm Diamond Encrusted Spade Ihr Favorit ist, aber gerade nicht auf Lager ist? Dann klicken Sie hier: <a href=\"https:\/\/italianbracelet.nl\/de\/faq\/\">Das bringt mich sofort zu den FAQ (h\u00e4ufig gestellte Fragen)<\/a>.<\/p>\n<p>Der Charm Diamond Encrusted Spade kann auch an eine italienische Halskette geh\u00e4ngt werden. W\u00e4hlen Sie dann die Option: F\u00fcr eine italienische Halskette. Wir passen den Charm dann so an, dass er an eine Halskette geh\u00e4ngt werden kann. W\u00e4hlen Sie dann eine passende <g id=\"gid_0\">Basis-Halskette<\/g>. Nat\u00fcrlich k\u00f6nnen Sie auch mehrere Charmes w\u00e4hlen, so dass Sie jeden Tag einen neuen Charm an Ihre Italienische Halskette h\u00e4ngen k\u00f6nnen.    <\/p>\n","protected":false},"excerpt":{"rendered":"<p>Charm Diamond Encrusted Spade mit dem Bild eines kristallverkrusteten Spatenzeichens f\u00fcr Ihr italienisches Armband.<\/p>\n","protected":false},"featured_media":7026,"template":"","meta":[],"product_brand":[355],"product_cat":[370,251],"product_tag":[277,306],"class_list":{"0":"post-7024","1":"product","2":"type-product","3":"status-publish","4":"has-post-thumbnail","6":"product_brand-jasmin-jewels","7":"product_cat-charms-fur-halsketten","8":"product_cat-reize","9":"product_tag-charme","10":"product_tag-kristall-de","12":"first","13":"instock","14":"taxable","15":"shipping-taxable","16":"purchasable","17":"product-type-variable","18":"has-default-attributes"},"yoast_head":"<!-- This site is optimized with the Yoast SEO plugin v27.4 - https:\/\/yoast.com\/product\/yoast-seo-wordpress\/ -->\n<title>Kristallverkrusteter Spaten - italianbracelet.nl<\/title>\n<meta name=\"description\" content=\"Charm Diamond Encrusted Spade f\u00fcr Ihr italienisches Armband mit einem kristall\u00fcberzogenen Spatenzeichen. Italienisches Armband; die gr\u00f6\u00dfte Auswahl an Anh\u00e4ngern.\" \/>\n<meta name=\"robots\" content=\"index, follow, max-snippet:-1, max-image-preview:large, max-video-preview:-1\" \/>\n<link rel=\"canonical\" href=\"https:\/\/italianbracelet.nl\/de\/produkt\/diamant-verkrustetes-pik\/\" \/>\n<meta property=\"og:locale\" content=\"de_DE\" \/>\n<meta property=\"og:type\" content=\"article\" \/>\n<meta property=\"og:title\" content=\"Kristallverkrusteter Spaten - italianbracelet.nl\" \/>\n<meta property=\"og:description\" content=\"Charm Diamond Encrusted Spade f\u00fcr Ihr italienisches Armband mit einem kristall\u00fcberzogenen Spatenzeichen. Italienisches Armband; die gr\u00f6\u00dfte Auswahl an Anh\u00e4ngern.\" \/>\n<meta property=\"og:url\" content=\"https:\/\/italianbracelet.nl\/de\/produkt\/diamant-verkrustetes-pik\/\" \/>\n<meta property=\"og:site_name\" content=\"italianbracelet.nl\" \/>\n<meta property=\"article:modified_time\" content=\"2025-12-12T11:17:30+00:00\" \/>\n<meta property=\"og:image\" content=\"https:\/\/italianbracelet.nl\/wp-content\/uploads\/2023\/05\/IB052_Diamond-crested-spade.jpg\" \/>\n\t<meta property=\"og:image:width\" content=\"640\" \/>\n\t<meta property=\"og:image:height\" content=\"640\" \/>\n\t<meta property=\"og:image:type\" content=\"image\/jpeg\" \/>\n<meta name=\"twitter:card\" content=\"summary_large_image\" \/>\n<meta name=\"twitter:label1\" content=\"Gesch\u00e4tzte Lesezeit\" \/>\n\t<meta name=\"twitter:data1\" content=\"1\u00a0Minute\" \/>\n<script type=\"application\/ld+json\" class=\"yoast-schema-graph\">{\"@context\":\"https:\\\/\\\/schema.org\",\"@graph\":[{\"@type\":\"WebPage\",\"@id\":\"https:\\\/\\\/italianbracelet.nl\\\/de\\\/produkt\\\/diamant-verkrustetes-pik\\\/\",\"url\":\"https:\\\/\\\/italianbracelet.nl\\\/de\\\/produkt\\\/diamant-verkrustetes-pik\\\/\",\"name\":\"Kristallverkrusteter Spaten - italianbracelet.nl\",\"isPartOf\":{\"@id\":\"https:\\\/\\\/italianbracelet.nl\\\/de\\\/#website\"},\"primaryImageOfPage\":{\"@id\":\"https:\\\/\\\/italianbracelet.nl\\\/de\\\/produkt\\\/diamant-verkrustetes-pik\\\/#primaryimage\"},\"image\":{\"@id\":\"https:\\\/\\\/italianbracelet.nl\\\/de\\\/produkt\\\/diamant-verkrustetes-pik\\\/#primaryimage\"},\"thumbnailUrl\":\"https:\\\/\\\/italianbracelet.nl\\\/wp-content\\\/uploads\\\/2023\\\/05\\\/IB052_Diamond-crested-spade.jpg\",\"datePublished\":\"2023-06-07T07:34:21+00:00\",\"dateModified\":\"2025-12-12T11:17:30+00:00\",\"description\":\"Charm Diamond Encrusted Spade f\u00fcr Ihr italienisches Armband mit einem kristall\u00fcberzogenen Spatenzeichen. Italienisches Armband; die gr\u00f6\u00dfte Auswahl an Anh\u00e4ngern.\",\"breadcrumb\":{\"@id\":\"https:\\\/\\\/italianbracelet.nl\\\/de\\\/produkt\\\/diamant-verkrustetes-pik\\\/#breadcrumb\"},\"inLanguage\":\"de\",\"potentialAction\":[{\"@type\":\"ReadAction\",\"target\":[\"https:\\\/\\\/italianbracelet.nl\\\/de\\\/produkt\\\/diamant-verkrustetes-pik\\\/\"]}]},{\"@type\":\"ImageObject\",\"inLanguage\":\"de\",\"@id\":\"https:\\\/\\\/italianbracelet.nl\\\/de\\\/produkt\\\/diamant-verkrustetes-pik\\\/#primaryimage\",\"url\":\"https:\\\/\\\/italianbracelet.nl\\\/wp-content\\\/uploads\\\/2023\\\/05\\\/IB052_Diamond-crested-spade.jpg\",\"contentUrl\":\"https:\\\/\\\/italianbracelet.nl\\\/wp-content\\\/uploads\\\/2023\\\/05\\\/IB052_Diamond-crested-spade.jpg\",\"width\":640,\"height\":640,\"caption\":\"Charm Diamond Encrusted Spade von Italian Bracelet\"},{\"@type\":\"BreadcrumbList\",\"@id\":\"https:\\\/\\\/italianbracelet.nl\\\/de\\\/produkt\\\/diamant-verkrustetes-pik\\\/#breadcrumb\",\"itemListElement\":[{\"@type\":\"ListItem\",\"position\":1,\"name\":\"Home\",\"item\":\"https:\\\/\\\/italianbracelet.nl\\\/de\\\/\"},{\"@type\":\"ListItem\",\"position\":2,\"name\":\"Shop\",\"item\":\"https:\\\/\\\/italianbracelet.nl\\\/shop\\\/\"},{\"@type\":\"ListItem\",\"position\":3,\"name\":\"Kristallverkrusteter Spaten\"}]},{\"@type\":\"WebSite\",\"@id\":\"https:\\\/\\\/italianbracelet.nl\\\/de\\\/#website\",\"url\":\"https:\\\/\\\/italianbracelet.nl\\\/de\\\/\",\"name\":\"Italian Bracelet\",\"description\":\"Maak je eigen Italian Bracelet met charms naar keuze\",\"publisher\":{\"@id\":\"https:\\\/\\\/italianbracelet.nl\\\/de\\\/#organization\"},\"alternateName\":\"Italian Charm Bracelet\",\"potentialAction\":[{\"@type\":\"SearchAction\",\"target\":{\"@type\":\"EntryPoint\",\"urlTemplate\":\"https:\\\/\\\/italianbracelet.nl\\\/de\\\/?s={search_term_string}\"},\"query-input\":{\"@type\":\"PropertyValueSpecification\",\"valueRequired\":true,\"valueName\":\"search_term_string\"}}],\"inLanguage\":\"de\"},{\"@type\":\"Organization\",\"@id\":\"https:\\\/\\\/italianbracelet.nl\\\/de\\\/#organization\",\"name\":\"Italian Bracelet\",\"alternateName\":\"Italian Charm Bracelet\",\"url\":\"https:\\\/\\\/italianbracelet.nl\\\/de\\\/\",\"logo\":{\"@type\":\"ImageObject\",\"inLanguage\":\"de\",\"@id\":\"https:\\\/\\\/italianbracelet.nl\\\/de\\\/#\\\/schema\\\/logo\\\/image\\\/\",\"url\":\"https:\\\/\\\/italianbracelet.nl\\\/wp-content\\\/uploads\\\/2023\\\/06\\\/Italian-Bracelet-LOGO-new.png\",\"contentUrl\":\"https:\\\/\\\/italianbracelet.nl\\\/wp-content\\\/uploads\\\/2023\\\/06\\\/Italian-Bracelet-LOGO-new.png\",\"width\":500,\"height\":500,\"caption\":\"Italian Bracelet\"},\"image\":{\"@id\":\"https:\\\/\\\/italianbracelet.nl\\\/de\\\/#\\\/schema\\\/logo\\\/image\\\/\"},\"sameAs\":[\"https:\\\/\\\/www.tiktok.com\\\/@italianbracelet\"]}]}<\/script>\n<!-- \/ Yoast SEO plugin. -->","yoast_head_json":{"title":"Kristallverkrusteter Spaten - italianbracelet.nl","description":"Charm Diamond Encrusted Spade f\u00fcr Ihr italienisches Armband mit einem kristall\u00fcberzogenen Spatenzeichen. Italienisches Armband; die gr\u00f6\u00dfte Auswahl an Anh\u00e4ngern.","robots":{"index":"index","follow":"follow","max-snippet":"max-snippet:-1","max-image-preview":"max-image-preview:large","max-video-preview":"max-video-preview:-1"},"canonical":"https:\/\/italianbracelet.nl\/de\/produkt\/diamant-verkrustetes-pik\/","og_locale":"de_DE","og_type":"article","og_title":"Kristallverkrusteter Spaten - italianbracelet.nl","og_description":"Charm Diamond Encrusted Spade f\u00fcr Ihr italienisches Armband mit einem kristall\u00fcberzogenen Spatenzeichen. Italienisches Armband; die gr\u00f6\u00dfte Auswahl an Anh\u00e4ngern.","og_url":"https:\/\/italianbracelet.nl\/de\/produkt\/diamant-verkrustetes-pik\/","og_site_name":"italianbracelet.nl","article_modified_time":"2025-12-12T11:17:30+00:00","og_image":[{"width":640,"height":640,"url":"https:\/\/italianbracelet.nl\/wp-content\/uploads\/2023\/05\/IB052_Diamond-crested-spade.jpg","type":"image\/jpeg"}],"twitter_card":"summary_large_image","twitter_misc":{"Gesch\u00e4tzte Lesezeit":"1\u00a0Minute"},"schema":{"@context":"https:\/\/schema.org","@graph":[{"@type":"WebPage","@id":"https:\/\/italianbracelet.nl\/de\/produkt\/diamant-verkrustetes-pik\/","url":"https:\/\/italianbracelet.nl\/de\/produkt\/diamant-verkrustetes-pik\/","name":"Kristallverkrusteter Spaten - italianbracelet.nl","isPartOf":{"@id":"https:\/\/italianbracelet.nl\/de\/#website"},"primaryImageOfPage":{"@id":"https:\/\/italianbracelet.nl\/de\/produkt\/diamant-verkrustetes-pik\/#primaryimage"},"image":{"@id":"https:\/\/italianbracelet.nl\/de\/produkt\/diamant-verkrustetes-pik\/#primaryimage"},"thumbnailUrl":"https:\/\/italianbracelet.nl\/wp-content\/uploads\/2023\/05\/IB052_Diamond-crested-spade.jpg","datePublished":"2023-06-07T07:34:21+00:00","dateModified":"2025-12-12T11:17:30+00:00","description":"Charm Diamond Encrusted Spade f\u00fcr Ihr italienisches Armband mit einem kristall\u00fcberzogenen Spatenzeichen. Italienisches Armband; die gr\u00f6\u00dfte Auswahl an Anh\u00e4ngern.","breadcrumb":{"@id":"https:\/\/italianbracelet.nl\/de\/produkt\/diamant-verkrustetes-pik\/#breadcrumb"},"inLanguage":"de","potentialAction":[{"@type":"ReadAction","target":["https:\/\/italianbracelet.nl\/de\/produkt\/diamant-verkrustetes-pik\/"]}]},{"@type":"ImageObject","inLanguage":"de","@id":"https:\/\/italianbracelet.nl\/de\/produkt\/diamant-verkrustetes-pik\/#primaryimage","url":"https:\/\/italianbracelet.nl\/wp-content\/uploads\/2023\/05\/IB052_Diamond-crested-spade.jpg","contentUrl":"https:\/\/italianbracelet.nl\/wp-content\/uploads\/2023\/05\/IB052_Diamond-crested-spade.jpg","width":640,"height":640,"caption":"Charm Diamond Encrusted Spade von Italian Bracelet"},{"@type":"BreadcrumbList","@id":"https:\/\/italianbracelet.nl\/de\/produkt\/diamant-verkrustetes-pik\/#breadcrumb","itemListElement":[{"@type":"ListItem","position":1,"name":"Home","item":"https:\/\/italianbracelet.nl\/de\/"},{"@type":"ListItem","position":2,"name":"Shop","item":"https:\/\/italianbracelet.nl\/shop\/"},{"@type":"ListItem","position":3,"name":"Kristallverkrusteter Spaten"}]},{"@type":"WebSite","@id":"https:\/\/italianbracelet.nl\/de\/#website","url":"https:\/\/italianbracelet.nl\/de\/","name":"Italian Bracelet","description":"Maak je eigen Italian Bracelet met charms naar keuze","publisher":{"@id":"https:\/\/italianbracelet.nl\/de\/#organization"},"alternateName":"Italian Charm Bracelet","potentialAction":[{"@type":"SearchAction","target":{"@type":"EntryPoint","urlTemplate":"https:\/\/italianbracelet.nl\/de\/?s={search_term_string}"},"query-input":{"@type":"PropertyValueSpecification","valueRequired":true,"valueName":"search_term_string"}}],"inLanguage":"de"},{"@type":"Organization","@id":"https:\/\/italianbracelet.nl\/de\/#organization","name":"Italian Bracelet","alternateName":"Italian Charm Bracelet","url":"https:\/\/italianbracelet.nl\/de\/","logo":{"@type":"ImageObject","inLanguage":"de","@id":"https:\/\/italianbracelet.nl\/de\/#\/schema\/logo\/image\/","url":"https:\/\/italianbracelet.nl\/wp-content\/uploads\/2023\/06\/Italian-Bracelet-LOGO-new.png","contentUrl":"https:\/\/italianbracelet.nl\/wp-content\/uploads\/2023\/06\/Italian-Bracelet-LOGO-new.png","width":500,"height":500,"caption":"Italian Bracelet"},"image":{"@id":"https:\/\/italianbracelet.nl\/de\/#\/schema\/logo\/image\/"},"sameAs":["https:\/\/www.tiktok.com\/@italianbracelet"]}]}},"_links":{"self":[{"href":"https:\/\/italianbracelet.nl\/de\/wp-json\/wp\/v2\/product\/7024","targetHints":{"allow":["GET"]}}],"collection":[{"href":"https:\/\/italianbracelet.nl\/de\/wp-json\/wp\/v2\/product"}],"about":[{"href":"https:\/\/italianbracelet.nl\/de\/wp-json\/wp\/v2\/types\/product"}],"wp:featuredmedia":[{"embeddable":true,"href":"https:\/\/italianbracelet.nl\/de\/wp-json\/wp\/v2\/media\/7026"}],"wp:attachment":[{"href":"https:\/\/italianbracelet.nl\/de\/wp-json\/wp\/v2\/media?parent=7024"}],"wp:term":[{"taxonomy":"product_brand","embeddable":true,"href":"https:\/\/italianbracelet.nl\/de\/wp-json\/wp\/v2\/product_brand?post=7024"},{"taxonomy":"product_cat","embeddable":true,"href":"https:\/\/italianbracelet.nl\/de\/wp-json\/wp\/v2\/product_cat?post=7024"},{"taxonomy":"product_tag","embeddable":true,"href":"https:\/\/italianbracelet.nl\/de\/wp-json\/wp\/v2\/product_tag?post=7024"}],"curies":[{"name":"wp","href":"https:\/\/api.w.org\/{rel}","templated":true}]}}