{"id":8671,"date":"2024-08-29T12:31:43","date_gmt":"2024-08-29T10:31:43","guid":{"rendered":"https:\/\/italianbracelet.nl\/?post_type=product&#038;p=8671"},"modified":"2026-04-08T23:50:30","modified_gmt":"2026-04-08T21:50:30","slug":"blauer-schmetterling-gold-kopie","status":"publish","type":"product","link":"https:\/\/italianbracelet.nl\/de\/produkt\/blauer-schmetterling-gold-kopie\/","title":{"rendered":"Da ist eine Biene auf meinem Goldarmband"},"content":{"rendered":"<p>Charm There is a Bee on my Bracelet Gold f\u00fcr Ihr italienisches Armband.<\/p>\n<p>M\u00f6chten Sie wissen, wie Sie den Charm There is a Bee on my Bracelet Gold an Ihr italienisches Bettelarmband anbringen k\u00f6nnen? Dann klicken Sie hier: <a href=\"https:\/\/italianbracelet.nl\/de\/wie-funktioniert-das\/\">Wie man ein italienisches Charm-Armband macht.<\/a><\/p>\n<p>Haben Sie Fragen zur Lieferzeit Ihres bestellten Anh\u00e4ngers, zum Lagerbestand des Anh\u00e4ngers There is a Bee on my Bracelet Gold oder zum weiteren Vorgehen, wenn der Anh\u00e4nger There is a Bee on my Bracelet Gold Ihr Favorit ist, aber gerade nicht auf Lager ist? Dann klicken Sie hier: <a href=\"https:\/\/italianbracelet.nl\/de\/faq\/\">Das bringt mich sofort zu den FAQ (h\u00e4ufig gestellte Fragen)<\/a>.<\/p>\n","protected":false},"excerpt":{"rendered":"<p>Charm There is a Bee on my Bracelet Gold f\u00fcr Ihr italienisches Armband mit einem Bild einer Biene mit Kristallen.<\/p>\n","protected":false},"featured_media":8657,"template":"","meta":[],"product_brand":[],"product_cat":[251],"product_tag":[254,263],"class_list":{"0":"post-8671","1":"product","2":"type-product","3":"status-publish","4":"has-post-thumbnail","6":"product_cat-reize","7":"product_tag-bild","8":"product_tag-tier","10":"first","11":"outofstock","12":"taxable","13":"shipping-taxable","14":"purchasable","15":"product-type-simple"},"yoast_head":"<!-- This site is optimized with the Yoast SEO plugin v27.4 - https:\/\/yoast.com\/product\/yoast-seo-wordpress\/ -->\n<title>Da ist eine Biene auf meinem Goldarmband - italianbracelet.nl<\/title>\n<meta name=\"description\" content=\"Charm There is a Bee on my Bracelet Gold f\u00fcr Ihr italienisches Armband, auf dem eine Biene abgebildet ist. Italienisches Armband; die gr\u00f6\u00dfte Auswahl an Anh\u00e4ngern.\" \/>\n<meta name=\"robots\" content=\"index, follow, max-snippet:-1, max-image-preview:large, max-video-preview:-1\" \/>\n<link rel=\"canonical\" href=\"https:\/\/italianbracelet.nl\/de\/produkt\/blauer-schmetterling-gold-kopie\/\" \/>\n<meta property=\"og:locale\" content=\"de_DE\" \/>\n<meta property=\"og:type\" content=\"article\" \/>\n<meta property=\"og:title\" content=\"Da ist eine Biene auf meinem Goldarmband - italianbracelet.nl\" \/>\n<meta property=\"og:description\" content=\"Charm There is a Bee on my Bracelet Gold f\u00fcr Ihr italienisches Armband, auf dem eine Biene abgebildet ist. Italienisches Armband; die gr\u00f6\u00dfte Auswahl an Anh\u00e4ngern.\" \/>\n<meta property=\"og:url\" content=\"https:\/\/italianbracelet.nl\/de\/produkt\/blauer-schmetterling-gold-kopie\/\" \/>\n<meta property=\"og:site_name\" content=\"italianbracelet.nl\" \/>\n<meta property=\"article:modified_time\" content=\"2026-04-08T21:50:30+00:00\" \/>\n<meta property=\"og:image\" content=\"https:\/\/italianbracelet.nl\/wp-content\/uploads\/2023\/05\/cropped-Italian-Bracelet.png\" \/>\n\t<meta property=\"og:image:width\" content=\"512\" \/>\n\t<meta property=\"og:image:height\" content=\"512\" \/>\n\t<meta property=\"og:image:type\" content=\"image\/png\" \/>\n<meta name=\"twitter:card\" content=\"summary_large_image\" \/>\n<meta name=\"twitter:label1\" content=\"Gesch\u00e4tzte Lesezeit\" \/>\n\t<meta name=\"twitter:data1\" content=\"1\u00a0Minute\" \/>\n<script type=\"application\/ld+json\" class=\"yoast-schema-graph\">{\"@context\":\"https:\\\/\\\/schema.org\",\"@graph\":[{\"@type\":\"WebPage\",\"@id\":\"https:\\\/\\\/italianbracelet.nl\\\/de\\\/produkt\\\/blauer-schmetterling-gold-kopie\\\/\",\"url\":\"https:\\\/\\\/italianbracelet.nl\\\/de\\\/produkt\\\/blauer-schmetterling-gold-kopie\\\/\",\"name\":\"Da ist eine Biene auf meinem Goldarmband - italianbracelet.nl\",\"isPartOf\":{\"@id\":\"https:\\\/\\\/italianbracelet.nl\\\/de\\\/#website\"},\"primaryImageOfPage\":{\"@id\":\"https:\\\/\\\/italianbracelet.nl\\\/de\\\/produkt\\\/blauer-schmetterling-gold-kopie\\\/#primaryimage\"},\"image\":{\"@id\":\"https:\\\/\\\/italianbracelet.nl\\\/de\\\/produkt\\\/blauer-schmetterling-gold-kopie\\\/#primaryimage\"},\"thumbnailUrl\":\"https:\\\/\\\/italianbracelet.nl\\\/wp-content\\\/uploads\\\/2024\\\/08\\\/IB506_Bee-on-Bracleet-Gold.avif\",\"datePublished\":\"2024-08-29T10:31:43+00:00\",\"dateModified\":\"2026-04-08T21:50:30+00:00\",\"description\":\"Charm There is a Bee on my Bracelet Gold f\u00fcr Ihr italienisches Armband, auf dem eine Biene abgebildet ist. Italienisches Armband; die gr\u00f6\u00dfte Auswahl an Anh\u00e4ngern.\",\"breadcrumb\":{\"@id\":\"https:\\\/\\\/italianbracelet.nl\\\/de\\\/produkt\\\/blauer-schmetterling-gold-kopie\\\/#breadcrumb\"},\"inLanguage\":\"de\",\"potentialAction\":[{\"@type\":\"ReadAction\",\"target\":[\"https:\\\/\\\/italianbracelet.nl\\\/de\\\/produkt\\\/blauer-schmetterling-gold-kopie\\\/\"]}]},{\"@type\":\"ImageObject\",\"inLanguage\":\"de\",\"@id\":\"https:\\\/\\\/italianbracelet.nl\\\/de\\\/produkt\\\/blauer-schmetterling-gold-kopie\\\/#primaryimage\",\"url\":\"https:\\\/\\\/italianbracelet.nl\\\/wp-content\\\/uploads\\\/2024\\\/08\\\/IB506_Bee-on-Bracleet-Gold.avif\",\"contentUrl\":\"https:\\\/\\\/italianbracelet.nl\\\/wp-content\\\/uploads\\\/2024\\\/08\\\/IB506_Bee-on-Bracleet-Gold.avif\",\"width\":640,\"height\":640,\"caption\":\"Charm There is a Bee on my Bracelet von Italian Bracelet\"},{\"@type\":\"BreadcrumbList\",\"@id\":\"https:\\\/\\\/italianbracelet.nl\\\/de\\\/produkt\\\/blauer-schmetterling-gold-kopie\\\/#breadcrumb\",\"itemListElement\":[{\"@type\":\"ListItem\",\"position\":1,\"name\":\"Home\",\"item\":\"https:\\\/\\\/italianbracelet.nl\\\/de\\\/\"},{\"@type\":\"ListItem\",\"position\":2,\"name\":\"Shop\",\"item\":\"https:\\\/\\\/italianbracelet.nl\\\/shop\\\/\"},{\"@type\":\"ListItem\",\"position\":3,\"name\":\"Da ist eine Biene auf meinem Goldarmband\"}]},{\"@type\":\"WebSite\",\"@id\":\"https:\\\/\\\/italianbracelet.nl\\\/de\\\/#website\",\"url\":\"https:\\\/\\\/italianbracelet.nl\\\/de\\\/\",\"name\":\"Italian Bracelet\",\"description\":\"Maak je eigen Italian Bracelet met charms naar keuze\",\"publisher\":{\"@id\":\"https:\\\/\\\/italianbracelet.nl\\\/de\\\/#organization\"},\"alternateName\":\"Italian Charm Bracelet\",\"potentialAction\":[{\"@type\":\"SearchAction\",\"target\":{\"@type\":\"EntryPoint\",\"urlTemplate\":\"https:\\\/\\\/italianbracelet.nl\\\/de\\\/?s={search_term_string}\"},\"query-input\":{\"@type\":\"PropertyValueSpecification\",\"valueRequired\":true,\"valueName\":\"search_term_string\"}}],\"inLanguage\":\"de\"},{\"@type\":\"Organization\",\"@id\":\"https:\\\/\\\/italianbracelet.nl\\\/de\\\/#organization\",\"name\":\"Italian Bracelet\",\"alternateName\":\"Italian Charm Bracelet\",\"url\":\"https:\\\/\\\/italianbracelet.nl\\\/de\\\/\",\"logo\":{\"@type\":\"ImageObject\",\"inLanguage\":\"de\",\"@id\":\"https:\\\/\\\/italianbracelet.nl\\\/de\\\/#\\\/schema\\\/logo\\\/image\\\/\",\"url\":\"https:\\\/\\\/italianbracelet.nl\\\/wp-content\\\/uploads\\\/2023\\\/06\\\/Italian-Bracelet-LOGO-new.png\",\"contentUrl\":\"https:\\\/\\\/italianbracelet.nl\\\/wp-content\\\/uploads\\\/2023\\\/06\\\/Italian-Bracelet-LOGO-new.png\",\"width\":500,\"height\":500,\"caption\":\"Italian Bracelet\"},\"image\":{\"@id\":\"https:\\\/\\\/italianbracelet.nl\\\/de\\\/#\\\/schema\\\/logo\\\/image\\\/\"},\"sameAs\":[\"https:\\\/\\\/www.tiktok.com\\\/@italianbracelet\"]}]}<\/script>\n<!-- \/ Yoast SEO plugin. -->","yoast_head_json":{"title":"Da ist eine Biene auf meinem Goldarmband - italianbracelet.nl","description":"Charm There is a Bee on my Bracelet Gold f\u00fcr Ihr italienisches Armband, auf dem eine Biene abgebildet ist. Italienisches Armband; die gr\u00f6\u00dfte Auswahl an Anh\u00e4ngern.","robots":{"index":"index","follow":"follow","max-snippet":"max-snippet:-1","max-image-preview":"max-image-preview:large","max-video-preview":"max-video-preview:-1"},"canonical":"https:\/\/italianbracelet.nl\/de\/produkt\/blauer-schmetterling-gold-kopie\/","og_locale":"de_DE","og_type":"article","og_title":"Da ist eine Biene auf meinem Goldarmband - italianbracelet.nl","og_description":"Charm There is a Bee on my Bracelet Gold f\u00fcr Ihr italienisches Armband, auf dem eine Biene abgebildet ist. Italienisches Armband; die gr\u00f6\u00dfte Auswahl an Anh\u00e4ngern.","og_url":"https:\/\/italianbracelet.nl\/de\/produkt\/blauer-schmetterling-gold-kopie\/","og_site_name":"italianbracelet.nl","article_modified_time":"2026-04-08T21:50:30+00:00","og_image":[{"width":512,"height":512,"url":"https:\/\/italianbracelet.nl\/wp-content\/uploads\/2023\/05\/cropped-Italian-Bracelet.png","type":"image\/png"}],"twitter_card":"summary_large_image","twitter_misc":{"Gesch\u00e4tzte Lesezeit":"1\u00a0Minute"},"schema":{"@context":"https:\/\/schema.org","@graph":[{"@type":"WebPage","@id":"https:\/\/italianbracelet.nl\/de\/produkt\/blauer-schmetterling-gold-kopie\/","url":"https:\/\/italianbracelet.nl\/de\/produkt\/blauer-schmetterling-gold-kopie\/","name":"Da ist eine Biene auf meinem Goldarmband - italianbracelet.nl","isPartOf":{"@id":"https:\/\/italianbracelet.nl\/de\/#website"},"primaryImageOfPage":{"@id":"https:\/\/italianbracelet.nl\/de\/produkt\/blauer-schmetterling-gold-kopie\/#primaryimage"},"image":{"@id":"https:\/\/italianbracelet.nl\/de\/produkt\/blauer-schmetterling-gold-kopie\/#primaryimage"},"thumbnailUrl":"https:\/\/italianbracelet.nl\/wp-content\/uploads\/2024\/08\/IB506_Bee-on-Bracleet-Gold.avif","datePublished":"2024-08-29T10:31:43+00:00","dateModified":"2026-04-08T21:50:30+00:00","description":"Charm There is a Bee on my Bracelet Gold f\u00fcr Ihr italienisches Armband, auf dem eine Biene abgebildet ist. Italienisches Armband; die gr\u00f6\u00dfte Auswahl an Anh\u00e4ngern.","breadcrumb":{"@id":"https:\/\/italianbracelet.nl\/de\/produkt\/blauer-schmetterling-gold-kopie\/#breadcrumb"},"inLanguage":"de","potentialAction":[{"@type":"ReadAction","target":["https:\/\/italianbracelet.nl\/de\/produkt\/blauer-schmetterling-gold-kopie\/"]}]},{"@type":"ImageObject","inLanguage":"de","@id":"https:\/\/italianbracelet.nl\/de\/produkt\/blauer-schmetterling-gold-kopie\/#primaryimage","url":"https:\/\/italianbracelet.nl\/wp-content\/uploads\/2024\/08\/IB506_Bee-on-Bracleet-Gold.avif","contentUrl":"https:\/\/italianbracelet.nl\/wp-content\/uploads\/2024\/08\/IB506_Bee-on-Bracleet-Gold.avif","width":640,"height":640,"caption":"Charm There is a Bee on my Bracelet von Italian Bracelet"},{"@type":"BreadcrumbList","@id":"https:\/\/italianbracelet.nl\/de\/produkt\/blauer-schmetterling-gold-kopie\/#breadcrumb","itemListElement":[{"@type":"ListItem","position":1,"name":"Home","item":"https:\/\/italianbracelet.nl\/de\/"},{"@type":"ListItem","position":2,"name":"Shop","item":"https:\/\/italianbracelet.nl\/shop\/"},{"@type":"ListItem","position":3,"name":"Da ist eine Biene auf meinem Goldarmband"}]},{"@type":"WebSite","@id":"https:\/\/italianbracelet.nl\/de\/#website","url":"https:\/\/italianbracelet.nl\/de\/","name":"Italian Bracelet","description":"Maak je eigen Italian Bracelet met charms naar keuze","publisher":{"@id":"https:\/\/italianbracelet.nl\/de\/#organization"},"alternateName":"Italian Charm Bracelet","potentialAction":[{"@type":"SearchAction","target":{"@type":"EntryPoint","urlTemplate":"https:\/\/italianbracelet.nl\/de\/?s={search_term_string}"},"query-input":{"@type":"PropertyValueSpecification","valueRequired":true,"valueName":"search_term_string"}}],"inLanguage":"de"},{"@type":"Organization","@id":"https:\/\/italianbracelet.nl\/de\/#organization","name":"Italian Bracelet","alternateName":"Italian Charm Bracelet","url":"https:\/\/italianbracelet.nl\/de\/","logo":{"@type":"ImageObject","inLanguage":"de","@id":"https:\/\/italianbracelet.nl\/de\/#\/schema\/logo\/image\/","url":"https:\/\/italianbracelet.nl\/wp-content\/uploads\/2023\/06\/Italian-Bracelet-LOGO-new.png","contentUrl":"https:\/\/italianbracelet.nl\/wp-content\/uploads\/2023\/06\/Italian-Bracelet-LOGO-new.png","width":500,"height":500,"caption":"Italian Bracelet"},"image":{"@id":"https:\/\/italianbracelet.nl\/de\/#\/schema\/logo\/image\/"},"sameAs":["https:\/\/www.tiktok.com\/@italianbracelet"]}]}},"_links":{"self":[{"href":"https:\/\/italianbracelet.nl\/de\/wp-json\/wp\/v2\/product\/8671","targetHints":{"allow":["GET"]}}],"collection":[{"href":"https:\/\/italianbracelet.nl\/de\/wp-json\/wp\/v2\/product"}],"about":[{"href":"https:\/\/italianbracelet.nl\/de\/wp-json\/wp\/v2\/types\/product"}],"wp:featuredmedia":[{"embeddable":true,"href":"https:\/\/italianbracelet.nl\/de\/wp-json\/wp\/v2\/media\/8657"}],"wp:attachment":[{"href":"https:\/\/italianbracelet.nl\/de\/wp-json\/wp\/v2\/media?parent=8671"}],"wp:term":[{"taxonomy":"product_brand","embeddable":true,"href":"https:\/\/italianbracelet.nl\/de\/wp-json\/wp\/v2\/product_brand?post=8671"},{"taxonomy":"product_cat","embeddable":true,"href":"https:\/\/italianbracelet.nl\/de\/wp-json\/wp\/v2\/product_cat?post=8671"},{"taxonomy":"product_tag","embeddable":true,"href":"https:\/\/italianbracelet.nl\/de\/wp-json\/wp\/v2\/product_tag?post=8671"}],"curies":[{"name":"wp","href":"https:\/\/api.w.org\/{rel}","templated":true}]}}